{"id":1435,"date":"2026-03-10T02:29:22","date_gmt":"2026-03-10T01:29:22","guid":{"rendered":"https:\/\/yucca-palm.com\/?post_type=product&#038;p=1435"},"modified":"2026-03-13T15:52:13","modified_gmt":"2026-03-13T14:52:13","slug":"aloe-plicatilis","status":"publish","type":"product","link":"https:\/\/yucca-palm.com\/fr\/produit\/aloe-plicatilis\/","title":{"rendered":"ALOE PLICATILIS CONTAINER 24CM \u00d8 11L PLANTER HEIGHT 40\/50 cm"},"content":{"rendered":"<p>L'Aloe plicatilis est connu pour la disposition unique de ses feuilles en \u00e9ventail. Il pr\u00e9f\u00e8re le soleil ou la mi-ombre et peu d'arrosage.<br \/>\n- Entretien : Sol bien drain\u00e9, \u00e9viter l'engorgement.<br \/>\n- Rusticit\u00e9 : Tol\u00e9rance \u00e0 la s\u00e9cheresse.<br \/>\n- Utilisations : conception de jardins et de jardini\u00e8res d\u00e9coratives.<\/p>","protected":false},"excerpt":{"rendered":"<p>Alo\u00e8s aux feuilles en forme d'\u00e9ventail. Hauteur : 40-50 cm. Id\u00e9al pour l'architecture et les collections botaniques.<\/p>","protected":false},"featured_media":1453,"comment_status":"open","ping_status":"closed","template":"","meta":[],"product_brand":[],"product_cat":[63],"product_tag":[96,98,99,97],"class_list":{"0":"post-1435","1":"product","2":"type-product","3":"status-publish","4":"has-post-thumbnail","6":"product_cat-aloe","7":"product_tag-aloe-2026","8":"product_tag-aloe-abanico","9":"product_tag-aloe-diseno-jardin","10":"product_tag-aloe-plicatilis","11":"product_shipping_class-aloe-plicatilis","13":"first","14":"instock","15":"taxable","16":"shipping-taxable","17":"purchasable","18":"product-type-simple"},"_links":{"self":[{"href":"https:\/\/yucca-palm.com\/fr\/wp-json\/wp\/v2\/product\/1435","targetHints":{"allow":["GET"]}}],"collection":[{"href":"https:\/\/yucca-palm.com\/fr\/wp-json\/wp\/v2\/product"}],"about":[{"href":"https:\/\/yucca-palm.com\/fr\/wp-json\/wp\/v2\/types\/product"}],"replies":[{"embeddable":true,"href":"https:\/\/yucca-palm.com\/fr\/wp-json\/wp\/v2\/comments?post=1435"}],"wp:featuredmedia":[{"embeddable":true,"href":"https:\/\/yucca-palm.com\/fr\/wp-json\/wp\/v2\/media\/1453"}],"wp:attachment":[{"href":"https:\/\/yucca-palm.com\/fr\/wp-json\/wp\/v2\/media?parent=1435"}],"wp:term":[{"taxonomy":"product_brand","embeddable":true,"href":"https:\/\/yucca-palm.com\/fr\/wp-json\/wp\/v2\/product_brand?post=1435"},{"taxonomy":"product_cat","embeddable":true,"href":"https:\/\/yucca-palm.com\/fr\/wp-json\/wp\/v2\/product_cat?post=1435"},{"taxonomy":"product_tag","embeddable":true,"href":"https:\/\/yucca-palm.com\/fr\/wp-json\/wp\/v2\/product_tag?post=1435"}],"curies":[{"name":"wp","href":"https:\/\/api.w.org\/{rel}","templated":true}]}}