{"id":1434,"date":"2026-03-10T02:29:21","date_gmt":"2026-03-10T01:29:21","guid":{"rendered":"https:\/\/yucca-palm.com\/?post_type=product&#038;p=1434"},"modified":"2026-03-13T15:52:32","modified_gmt":"2026-03-13T14:52:32","slug":"aloe-ferox","status":"publish","type":"product","link":"https:\/\/yucca-palm.com\/fr\/produit\/aloe-ferox\/","title":{"rendered":"ALOE FEROX WHITE FLOWER CONTAINER 24 CM \u00d8 11L HAUTEUR DE LA PLANTE 40 CM"},"content":{"rendered":"<p>L'Aloe ferox se distingue par ses fleurs blanches inhabituelles et son port arboricole. Il pr\u00e9f\u00e8re le plein soleil et ne n\u00e9cessite que tr\u00e8s peu d'arrosage.<br \/>\n- Entretien : Sol sablonneux, peu d'arrosage.<br \/>\n- Rusticit\u00e9 : Tol\u00e9rance \u00e0 la s\u00e9cheresse.<br \/>\n- Utilisations : Collection d'alo\u00e8s et jardins x\u00e9rophiles.<\/p>","protected":false},"excerpt":{"rendered":"<p>Alo\u00e8s arborescent avec des \u00e9pines rouge\u00e2tres et une rare fleur blanche. Hauteur de la plante : 40 cm, total 70 cm. Contenant : 11L. Pi\u00e8ce unique pour les collectionneurs.<\/p>","protected":false},"featured_media":1450,"comment_status":"open","ping_status":"closed","template":"","meta":[],"product_brand":[],"product_cat":[63],"product_tag":[96,95,93,94],"class_list":{"0":"post-1434","1":"product","2":"type-product","3":"status-publish","4":"has-post-thumbnail","6":"product_cat-aloe","7":"product_tag-aloe-2026","8":"product_tag-aloe-arboreo","9":"product_tag-aloe-ferox-flor-blanca","10":"product_tag-aloe-raro","11":"product_shipping_class-aloe-ferox","13":"first","14":"instock","15":"taxable","16":"shipping-taxable","17":"purchasable","18":"product-type-simple"},"_links":{"self":[{"href":"https:\/\/yucca-palm.com\/fr\/wp-json\/wp\/v2\/product\/1434","targetHints":{"allow":["GET"]}}],"collection":[{"href":"https:\/\/yucca-palm.com\/fr\/wp-json\/wp\/v2\/product"}],"about":[{"href":"https:\/\/yucca-palm.com\/fr\/wp-json\/wp\/v2\/types\/product"}],"replies":[{"embeddable":true,"href":"https:\/\/yucca-palm.com\/fr\/wp-json\/wp\/v2\/comments?post=1434"}],"wp:featuredmedia":[{"embeddable":true,"href":"https:\/\/yucca-palm.com\/fr\/wp-json\/wp\/v2\/media\/1450"}],"wp:attachment":[{"href":"https:\/\/yucca-palm.com\/fr\/wp-json\/wp\/v2\/media?parent=1434"}],"wp:term":[{"taxonomy":"product_brand","embeddable":true,"href":"https:\/\/yucca-palm.com\/fr\/wp-json\/wp\/v2\/product_brand?post=1434"},{"taxonomy":"product_cat","embeddable":true,"href":"https:\/\/yucca-palm.com\/fr\/wp-json\/wp\/v2\/product_cat?post=1434"},{"taxonomy":"product_tag","embeddable":true,"href":"https:\/\/yucca-palm.com\/fr\/wp-json\/wp\/v2\/product_tag?post=1434"}],"curies":[{"name":"wp","href":"https:\/\/api.w.org\/{rel}","templated":true}]}}