{"id":1433,"date":"2026-03-10T02:29:21","date_gmt":"2026-03-10T01:29:21","guid":{"rendered":"https:\/\/yucca-palm.com\/?post_type=product&#038;p=1433"},"modified":"2026-03-13T15:52:54","modified_gmt":"2026-03-13T14:52:54","slug":"nolina-longifolia","status":"publish","type":"product","link":"https:\/\/yucca-palm.com\/fr\/produit\/nolina-longifolia\/","title":{"rendered":"NOLINA LONGIFOLIA CONTENEUR 35CM \u00d8 25L HAUTEUR DE LA PLANTE 90\/100CM"},"content":{"rendered":"<p>Nolina longifolia a de longues feuilles tombantes qui forment une jupe v\u00e9g\u00e9tale. Elle pr\u00e9f\u00e8re le plein soleil et un faible arrosage.<br \/>\n- Entretien : Sol bien drain\u00e9, peu d'arrosage.<br \/>\n- Rusticit\u00e9 : L\u00e9g\u00e8res gel\u00e9es.<br \/>\n- Utilisations : jardins tropicaux et contemporains.<\/p>","protected":false},"excerpt":{"rendered":"<p>Plante \u00e0 longues feuilles tombantes d'un vert profond. Hauteur : 90-100 cm. Contenant : 35 cm \u00d8, 25L. Id\u00e9al pour cr\u00e9er des effets de cascade dans les jardins modernes.<\/p>","protected":false},"featured_media":1479,"comment_status":"open","ping_status":"closed","template":"","meta":[],"product_brand":[],"product_cat":[39],"product_tag":[89,92,90,91],"class_list":{"0":"post-1433","1":"product","2":"type-product","3":"status-publish","4":"has-post-thumbnail","6":"product_cat-nolina","7":"product_tag-nolina-2026","8":"product_tag-nolina-cascada","9":"product_tag-nolina-longifolia-comprar","10":"product_tag-planta-acento-verde","11":"product_shipping_class-nolina-longifolia","13":"first","14":"instock","15":"taxable","16":"shipping-taxable","17":"purchasable","18":"product-type-simple"},"_links":{"self":[{"href":"https:\/\/yucca-palm.com\/fr\/wp-json\/wp\/v2\/product\/1433","targetHints":{"allow":["GET"]}}],"collection":[{"href":"https:\/\/yucca-palm.com\/fr\/wp-json\/wp\/v2\/product"}],"about":[{"href":"https:\/\/yucca-palm.com\/fr\/wp-json\/wp\/v2\/types\/product"}],"replies":[{"embeddable":true,"href":"https:\/\/yucca-palm.com\/fr\/wp-json\/wp\/v2\/comments?post=1433"}],"wp:featuredmedia":[{"embeddable":true,"href":"https:\/\/yucca-palm.com\/fr\/wp-json\/wp\/v2\/media\/1479"}],"wp:attachment":[{"href":"https:\/\/yucca-palm.com\/fr\/wp-json\/wp\/v2\/media?parent=1433"}],"wp:term":[{"taxonomy":"product_brand","embeddable":true,"href":"https:\/\/yucca-palm.com\/fr\/wp-json\/wp\/v2\/product_brand?post=1433"},{"taxonomy":"product_cat","embeddable":true,"href":"https:\/\/yucca-palm.com\/fr\/wp-json\/wp\/v2\/product_cat?post=1433"},{"taxonomy":"product_tag","embeddable":true,"href":"https:\/\/yucca-palm.com\/fr\/wp-json\/wp\/v2\/product_tag?post=1433"}],"curies":[{"name":"wp","href":"https:\/\/api.w.org\/{rel}","templated":true}]}}