{"id":1432,"date":"2026-03-10T02:29:20","date_gmt":"2026-03-10T01:29:20","guid":{"rendered":"https:\/\/yucca-palm.com\/?post_type=product&#038;p=1432"},"modified":"2026-03-13T15:53:12","modified_gmt":"2026-03-13T14:53:12","slug":"nolina-nelsonii-2","status":"publish","type":"product","link":"https:\/\/yucca-palm.com\/fr\/produit\/nolina-nelsonii-2\/","title":{"rendered":"NOLINA NELSONII CONTENEUR 35CM \u00d8 25L HAUTEUR DE LA PLANTE 90\/100CM"},"content":{"rendered":"<p>Nolina nelsonii se distingue par son feuillage bleu m\u00e9tallique et son port colonnaire. Elle pr\u00e9f\u00e8re le plein soleil et un faible arrosage.<br \/>\n- Entretien : Sol bien drain\u00e9, peu d'arrosage.<br \/>\n- Rusticit\u00e9 : L\u00e9g\u00e8res gel\u00e9es.<br \/>\n- Utilisations : jardins contemporains et grandes jardini\u00e8res.<\/p>","protected":false},"excerpt":{"rendered":"<p>Plante arborescente \u00e0 feuilles rigides bleu fonc\u00e9. Hauteur : 90-100 cm. Contenant : 35 cm \u00d8, 25L. Id\u00e9al pour les jardins modernes et le design architectural.<\/p>","protected":false},"featured_media":1478,"comment_status":"open","ping_status":"closed","template":"","meta":[],"product_brand":[],"product_cat":[39],"product_tag":[89,86,88,87],"class_list":{"0":"post-1432","1":"product","2":"type-product","3":"status-publish","4":"has-post-thumbnail","6":"product_cat-nolina","7":"product_tag-nolina-2026","8":"product_tag-nolina-nelsonii-comprar","9":"product_tag-nolina-resistente","10":"product_tag-planta-acento-azul","11":"product_shipping_class-nolina-nelsonii-25","13":"first","14":"instock","15":"taxable","16":"shipping-taxable","17":"purchasable","18":"product-type-simple"},"_links":{"self":[{"href":"https:\/\/yucca-palm.com\/fr\/wp-json\/wp\/v2\/product\/1432","targetHints":{"allow":["GET"]}}],"collection":[{"href":"https:\/\/yucca-palm.com\/fr\/wp-json\/wp\/v2\/product"}],"about":[{"href":"https:\/\/yucca-palm.com\/fr\/wp-json\/wp\/v2\/types\/product"}],"replies":[{"embeddable":true,"href":"https:\/\/yucca-palm.com\/fr\/wp-json\/wp\/v2\/comments?post=1432"}],"wp:featuredmedia":[{"embeddable":true,"href":"https:\/\/yucca-palm.com\/fr\/wp-json\/wp\/v2\/media\/1478"}],"wp:attachment":[{"href":"https:\/\/yucca-palm.com\/fr\/wp-json\/wp\/v2\/media?parent=1432"}],"wp:term":[{"taxonomy":"product_brand","embeddable":true,"href":"https:\/\/yucca-palm.com\/fr\/wp-json\/wp\/v2\/product_brand?post=1432"},{"taxonomy":"product_cat","embeddable":true,"href":"https:\/\/yucca-palm.com\/fr\/wp-json\/wp\/v2\/product_cat?post=1432"},{"taxonomy":"product_tag","embeddable":true,"href":"https:\/\/yucca-palm.com\/fr\/wp-json\/wp\/v2\/product_tag?post=1432"}],"curies":[{"name":"wp","href":"https:\/\/api.w.org\/{rel}","templated":true}]}}