{"id":1431,"date":"2026-03-10T02:28:51","date_gmt":"2026-03-10T01:28:51","guid":{"rendered":"https:\/\/yucca-palm.com\/?post_type=product&#038;p=1431"},"modified":"2026-03-13T15:58:20","modified_gmt":"2026-03-13T14:58:20","slug":"phoenix-theophrasti-2","status":"publish","type":"product","link":"https:\/\/yucca-palm.com\/fr\/produit\/phoenix-theophrasti-2\/","title":{"rendered":"PHOENIX THEOPHRASTI CONTENEUR 35CM \u00d8 25L HAUTEUR DE LA PLANTE 80\/90CM"},"content":{"rendered":"<p>Phoenix theophrasti est un palmier m\u00e9diterran\u00e9en unique, r\u00e9sistant et pr\u00e9cieux sur le plan botanique. Il pr\u00e9f\u00e8re le plein soleil et les sols bien drain\u00e9s.<br \/>\n- Entretien : Arrosage mod\u00e9r\u00e9, tol\u00e8re la s\u00e9cheresse.<br \/>\n- Rusticit\u00e9 : Climats m\u00e9diterran\u00e9ens, tol\u00e8re de l\u00e9g\u00e8res gel\u00e9es.<br \/>\n- Utilisations : jardins de collection, \u00e9ducatifs et th\u00e9matiques.<\/p>","protected":false},"excerpt":{"rendered":"<p>Palmier rare et prot\u00e9g\u00e9, originaire de Cr\u00e8te, \u00e0 feuilles penn\u00e9es \u00e9pineuses gris\u00e2tres. Hauteur : 80-90 cm. Contenant : 35 cm \u00d8, 25L. Id\u00e9al pour les collectionneurs et les jardins \u00e0 th\u00e8me.<\/p>","protected":false},"featured_media":1440,"comment_status":"open","ping_status":"closed","template":"","meta":[],"product_brand":[],"product_cat":[47],"product_tag":[83,85,84,82],"class_list":{"0":"post-1431","1":"product","2":"type-product","3":"status-publish","4":"has-post-thumbnail","6":"product_cat-phoenix","7":"product_tag-palmera-creta","8":"product_tag-palmera-protegida-2026","9":"product_tag-phoenix-resistente","10":"product_tag-phoenix-theophrasti-comprar","11":"product_shipping_class-phoenix-theophrasti-25","13":"first","14":"instock","15":"taxable","16":"shipping-taxable","17":"purchasable","18":"product-type-simple"},"_links":{"self":[{"href":"https:\/\/yucca-palm.com\/fr\/wp-json\/wp\/v2\/product\/1431","targetHints":{"allow":["GET"]}}],"collection":[{"href":"https:\/\/yucca-palm.com\/fr\/wp-json\/wp\/v2\/product"}],"about":[{"href":"https:\/\/yucca-palm.com\/fr\/wp-json\/wp\/v2\/types\/product"}],"replies":[{"embeddable":true,"href":"https:\/\/yucca-palm.com\/fr\/wp-json\/wp\/v2\/comments?post=1431"}],"wp:featuredmedia":[{"embeddable":true,"href":"https:\/\/yucca-palm.com\/fr\/wp-json\/wp\/v2\/media\/1440"}],"wp:attachment":[{"href":"https:\/\/yucca-palm.com\/fr\/wp-json\/wp\/v2\/media?parent=1431"}],"wp:term":[{"taxonomy":"product_brand","embeddable":true,"href":"https:\/\/yucca-palm.com\/fr\/wp-json\/wp\/v2\/product_brand?post=1431"},{"taxonomy":"product_cat","embeddable":true,"href":"https:\/\/yucca-palm.com\/fr\/wp-json\/wp\/v2\/product_cat?post=1431"},{"taxonomy":"product_tag","embeddable":true,"href":"https:\/\/yucca-palm.com\/fr\/wp-json\/wp\/v2\/product_tag?post=1431"}],"curies":[{"name":"wp","href":"https:\/\/api.w.org\/{rel}","templated":true}]}}