{"id":1429,"date":"2026-03-10T02:28:49","date_gmt":"2026-03-10T01:28:49","guid":{"rendered":"https:\/\/yucca-palm.com\/?post_type=product&#038;p=1429"},"modified":"2026-03-13T15:48:58","modified_gmt":"2026-03-13T14:48:58","slug":"butia-capitata-odorata","status":"publish","type":"product","link":"https:\/\/yucca-palm.com\/fr\/produit\/butia-capitata-odorata\/","title":{"rendered":"BUTIA CAPITATA\/ODORATA CONTENEUR 24CM \u00d8 11L HAUTEUR DE LA PLANTE 70\/80CM"},"content":{"rendered":"<p>Butia capitata est un palmier rustique et \u00e9l\u00e9gant, id\u00e9al pour les jardins familiaux et les zones c\u00f4ti\u00e8res. Il produit des fruits sucr\u00e9s utilis\u00e9s pour les gel\u00e9es. Il pr\u00e9f\u00e8re le plein soleil et les sols bien drain\u00e9s.<br \/>\n- Entretien : Arrosage mod\u00e9r\u00e9, \u00e9viter l'engorgement.<br \/>\n- Rusticit\u00e9 : Supporte le gel et la salinit\u00e9 mod\u00e9r\u00e9s.<br \/>\n- Utilisations : jardins m\u00e9diterran\u00e9ens et jardini\u00e8res.<\/p>","protected":false},"excerpt":{"rendered":"<p>Palmier Butia capitata\/odorata de taille moyenne avec des feuilles arqu\u00e9es vertes glauques. Hauteur : 70-80 cm. Contenant : 24 cm \u00d8, 11L. Fruits comestibles, r\u00e9sistant \u00e0 -12\u00b0C.<\/p>","protected":false},"featured_media":1474,"comment_status":"open","ping_status":"closed","template":"","meta":[],"product_brand":[],"product_cat":[37],"product_tag":[74,76,75,77],"class_list":{"0":"post-1429","1":"product","2":"type-product","3":"status-publish","4":"has-post-thumbnail","6":"product_cat-butia","7":"product_tag-butia-capitata-comprar","8":"product_tag-butia-odorata-2026","9":"product_tag-palmera-jalea","10":"product_tag-palmera-resistente-costa","11":"product_shipping_class-butia-capitata-odorata","13":"first","14":"instock","15":"taxable","16":"shipping-taxable","17":"purchasable","18":"product-type-simple"},"_links":{"self":[{"href":"https:\/\/yucca-palm.com\/fr\/wp-json\/wp\/v2\/product\/1429","targetHints":{"allow":["GET"]}}],"collection":[{"href":"https:\/\/yucca-palm.com\/fr\/wp-json\/wp\/v2\/product"}],"about":[{"href":"https:\/\/yucca-palm.com\/fr\/wp-json\/wp\/v2\/types\/product"}],"replies":[{"embeddable":true,"href":"https:\/\/yucca-palm.com\/fr\/wp-json\/wp\/v2\/comments?post=1429"}],"wp:featuredmedia":[{"embeddable":true,"href":"https:\/\/yucca-palm.com\/fr\/wp-json\/wp\/v2\/media\/1474"}],"wp:attachment":[{"href":"https:\/\/yucca-palm.com\/fr\/wp-json\/wp\/v2\/media?parent=1429"}],"wp:term":[{"taxonomy":"product_brand","embeddable":true,"href":"https:\/\/yucca-palm.com\/fr\/wp-json\/wp\/v2\/product_brand?post=1429"},{"taxonomy":"product_cat","embeddable":true,"href":"https:\/\/yucca-palm.com\/fr\/wp-json\/wp\/v2\/product_cat?post=1429"},{"taxonomy":"product_tag","embeddable":true,"href":"https:\/\/yucca-palm.com\/fr\/wp-json\/wp\/v2\/product_tag?post=1429"}],"curies":[{"name":"wp","href":"https:\/\/api.w.org\/{rel}","templated":true}]}}