{"id":1428,"date":"2026-03-10T02:28:48","date_gmt":"2026-03-10T01:28:48","guid":{"rendered":"https:\/\/yucca-palm.com\/?post_type=product&#038;p=1428"},"modified":"2026-03-13T16:02:23","modified_gmt":"2026-03-13T15:02:23","slug":"yucca-rostrata-2","status":"publish","type":"product","link":"https:\/\/yucca-palm.com\/fr\/produit\/yucca-rostrata-2\/","title":{"rendered":"YUCCA ROSTRATA CONTENEUR 35CM \u00d8 25L HAUTEUR DE LA PLANTE 80CM TIGE PROPRE 15\/20 CM"},"content":{"rendered":"<p>Le Yucca rostrata est une plante embl\u00e9matique du d\u00e9sert au feuillage bleu m\u00e9tallique et au tronc net. Il n\u00e9cessite un plein soleil et tr\u00e8s peu d'arrosage, id\u00e9al pour les climats arides et les jardins n\u00e9cessitant peu d'entretien.<br \/>\n- Entretien : Plein soleil, sol sablonneux et bien drain\u00e9.<br \/>\n- Rusticit\u00e9 : R\u00e9siste aux fortes gel\u00e9es et \u00e0 la s\u00e9cheresse prolong\u00e9e.<br \/>\n- Utilisations : Jardins x\u00e9rophiles, patios et jardini\u00e8res d\u00e9coratives.<\/p>","protected":false},"excerpt":{"rendered":"<p>Yucca rostrata avec un tronc propre de 15-20 cm et des feuilles bleu\u00e2tres en forme d'\u00e9ventail. Hauteur : 80 cm. Contenant : 35 cm \u00d8, 25L. Id\u00e9al pour les jardins x\u00e9rophiles et le design minimaliste. Tr\u00e8s r\u00e9sistant au froid (-20\u00b0C).<\/p>","protected":false},"featured_media":1467,"comment_status":"open","ping_status":"closed","template":"","meta":[],"product_brand":[],"product_cat":[40],"product_tag":[70,73,72,71,69],"class_list":{"0":"post-1428","1":"product","2":"type-product","3":"status-publish","4":"has-post-thumbnail","6":"product_cat-yucca","7":"product_tag-yuca-azul-comprar","8":"product_tag-yucca-2026","9":"product_tag-yucca-exterior-jardin","10":"product_tag-yucca-resistente-heladas","11":"product_tag-yucca-rostrata-tronco-limpio","12":"product_shipping_class-yucca-rostrata-25","14":"first","15":"instock","16":"taxable","17":"shipping-taxable","18":"purchasable","19":"product-type-simple"},"_links":{"self":[{"href":"https:\/\/yucca-palm.com\/fr\/wp-json\/wp\/v2\/product\/1428","targetHints":{"allow":["GET"]}}],"collection":[{"href":"https:\/\/yucca-palm.com\/fr\/wp-json\/wp\/v2\/product"}],"about":[{"href":"https:\/\/yucca-palm.com\/fr\/wp-json\/wp\/v2\/types\/product"}],"replies":[{"embeddable":true,"href":"https:\/\/yucca-palm.com\/fr\/wp-json\/wp\/v2\/comments?post=1428"}],"wp:featuredmedia":[{"embeddable":true,"href":"https:\/\/yucca-palm.com\/fr\/wp-json\/wp\/v2\/media\/1467"}],"wp:attachment":[{"href":"https:\/\/yucca-palm.com\/fr\/wp-json\/wp\/v2\/media?parent=1428"}],"wp:term":[{"taxonomy":"product_brand","embeddable":true,"href":"https:\/\/yucca-palm.com\/fr\/wp-json\/wp\/v2\/product_brand?post=1428"},{"taxonomy":"product_cat","embeddable":true,"href":"https:\/\/yucca-palm.com\/fr\/wp-json\/wp\/v2\/product_cat?post=1428"},{"taxonomy":"product_tag","embeddable":true,"href":"https:\/\/yucca-palm.com\/fr\/wp-json\/wp\/v2\/product_tag?post=1428"}],"curies":[{"name":"wp","href":"https:\/\/api.w.org\/{rel}","templated":true}]}}