{"id":1427,"date":"2026-03-10T02:28:47","date_gmt":"2026-03-10T01:28:47","guid":{"rendered":"https:\/\/yucca-palm.com\/?post_type=product&#038;p=1427"},"modified":"2026-03-13T15:49:09","modified_gmt":"2026-03-13T14:49:09","slug":"butiagrus-nabonnandii-c15","status":"publish","type":"product","link":"https:\/\/yucca-palm.com\/fr\/produit\/butiagrus-nabonnandii-c15\/","title":{"rendered":"BUTIAGRUS NABONNANDII CONTENEUR 29CM \u00d8 15L HAUTEUR DE LA PLANTE 160\/180CM"},"content":{"rendered":"<p>Butiagrus nabonnandii est un palmier hybride qui se distingue par sa vigueur et sa r\u00e9sistance. Son port tropical et ses feuilles arqu\u00e9es en font un palmier id\u00e9al pour les jardins m\u00e9diterran\u00e9ens et temp\u00e9r\u00e9s.<br \/>\n- Entretien : Pr\u00e9f\u00e8re le plein soleil, un arrosage mod\u00e9r\u00e9 et un sol bien drain\u00e9.<br \/>\n- Rusticit\u00e9 : R\u00e9siste aux gel\u00e9es mod\u00e9r\u00e9es et aux vents forts.<br \/>\n- Utilisations : Parfait comme point focal dans les jardins ou les grandes jardini\u00e8res.<br \/>\n- Donn\u00e9es botaniques : Tronc robuste, feuilles penn\u00e9es gris-vert, ne produit pas de fruits viables (\u00e9vite les parasites).<\/p>","protected":false},"excerpt":{"rendered":"<p>Hybride interg\u00e9n\u00e9rique entre Butia capitata et Syagrus romanzoffiana, connu sous le nom de Mule Palm. Combine l'\u00e9l\u00e9gance tropicale avec une grande r\u00e9sistance au froid (jusqu'\u00e0 -10\u00b0C). Hauteur : 160-180 cm. Contenant : 29 cm \u00d8, 15L. Croissance rapide et tol\u00e9rance aux sols humides.<\/p>","protected":false},"featured_media":1457,"comment_status":"open","ping_status":"closed","template":"","meta":[],"product_brand":[],"product_cat":[38],"product_tag":[68,64,65,67,66],"class_list":{"0":"post-1427","1":"product","2":"type-product","3":"status-publish","4":"has-post-thumbnail","6":"product_cat-butiagrus","7":"product_tag-butiagrus-2026","8":"product_tag-butiagrus-nabonnandii-comprar","9":"product_tag-palma-mula-resistente-frio","10":"product_tag-palmera-exotica-jardin","11":"product_tag-palmera-hibrida-butia-syagrus","12":"product_shipping_class-butiagrus-nabonnandii-15","14":"first","15":"instock","16":"taxable","17":"shipping-taxable","18":"purchasable","19":"product-type-simple"},"_links":{"self":[{"href":"https:\/\/yucca-palm.com\/fr\/wp-json\/wp\/v2\/product\/1427","targetHints":{"allow":["GET"]}}],"collection":[{"href":"https:\/\/yucca-palm.com\/fr\/wp-json\/wp\/v2\/product"}],"about":[{"href":"https:\/\/yucca-palm.com\/fr\/wp-json\/wp\/v2\/types\/product"}],"replies":[{"embeddable":true,"href":"https:\/\/yucca-palm.com\/fr\/wp-json\/wp\/v2\/comments?post=1427"}],"wp:featuredmedia":[{"embeddable":true,"href":"https:\/\/yucca-palm.com\/fr\/wp-json\/wp\/v2\/media\/1457"}],"wp:attachment":[{"href":"https:\/\/yucca-palm.com\/fr\/wp-json\/wp\/v2\/media?parent=1427"}],"wp:term":[{"taxonomy":"product_brand","embeddable":true,"href":"https:\/\/yucca-palm.com\/fr\/wp-json\/wp\/v2\/product_brand?post=1427"},{"taxonomy":"product_cat","embeddable":true,"href":"https:\/\/yucca-palm.com\/fr\/wp-json\/wp\/v2\/product_cat?post=1427"},{"taxonomy":"product_tag","embeddable":true,"href":"https:\/\/yucca-palm.com\/fr\/wp-json\/wp\/v2\/product_tag?post=1427"}],"curies":[{"name":"wp","href":"https:\/\/api.w.org\/{rel}","templated":true}]}}