{"id":1372,"date":"2025-11-16T11:48:56","date_gmt":"2025-11-16T10:48:56","guid":{"rendered":"https:\/\/yucca-palm.com\/?post_type=product&#038;p=1372"},"modified":"2026-04-20T01:33:11","modified_gmt":"2026-04-19T23:33:11","slug":"butiagrus-nabonnandii-c11","status":"publish","type":"product","link":"https:\/\/yucca-palm.com\/fr\/produit\/butiagrus-nabonnandii-c11\/","title":{"rendered":"BUTIAGRUS NABONNANDII CONTENEUR 24 CM \u00d8 11L HAUTEUR DE LA PLANTE 110 CM"},"content":{"rendered":"<p class=\"p1\">D\u00e9couvrez les <b>Butiagrus nabonnandii<\/b>un hybride fascinant et r\u00e9sistant qui allie la beaut\u00e9 tropicale de la <b>Syagrus romanzoffiana<\/b> et la robustesse de la <b>Butia<\/b>. Ce sp\u00e9cimen unique pousse spontan\u00e9ment au Br\u00e9sil, en Uruguay et en Argentine, offrant une solution parfaite pour ceux qui recherchent un aspect exotique dans les climats froids, car il r\u00e9siste \u00e0 des temp\u00e9ratures allant jusqu'\u00e0 -10\u00b0C. <b>-12 \u00b0C<\/b>.<\/p>\n<p class=\"p3\"><b>Caract\u00e9ristiques principales :<\/b><\/p>\n<p class=\"p4\">-<b>Croissance rapide<\/b>Id\u00e9al pour les am\u00e9nagements paysagers et les jardins.<\/p>\n<p class=\"p4\">-<b>R\u00e9sistance au froid<\/b>Le plus proche du cocotier dans les zones temp\u00e9r\u00e9es.<\/p>\n<p class=\"p4\">-<b>Look tropical<\/b>Feuilles \u00e9l\u00e9gantes et tronc robuste \u00e9voquant les paradis exotiques.<\/p>\n<p class=\"p3\"><b>Petite taille :<\/b><\/p>\n<p class=\"p4\">-<b>Butiagrus C-11L (11 litres)<\/b><\/p>\n<p class=\"p5\">-Hauteur : 110 cm<\/p>\n<p class=\"p3\"><b>Production et exp\u00e9dition :<\/b><\/p>\n<p class=\"p4\">-<b>Production propre \u00e0 partir de semences<\/b>Qualit\u00e9 garantie, culture domestique.<\/p>\n<p class=\"p4\">-<b>Exp\u00e9dition s\u00e9curis\u00e9e de palettes<\/b>pour que votre plante arrive en parfait \u00e9tat.<\/p>\n<p class=\"p1\">Le <b>Butiagrus nabonnandii<\/b> est le choix id\u00e9al pour les paysagistes et les jardiniers qui souhaitent ajouter une touche tropicale sans compromettre la r\u00e9sistance au froid - transformez votre jardin d\u00e8s aujourd'hui !<\/p>","protected":false},"excerpt":{"rendered":"<p class=\"p1\">Hybride exotique \u00e0 croissance rapide et haute r\u00e9sistance au froid (-12 \u00b0C), id\u00e9al pour les climats temp\u00e9r\u00e9s. Son aspect tropical en fait le cocotier id\u00e9al pour les r\u00e9gions froides. Production nationale \u00e0 partir de graines et exp\u00e9dition s\u00e9curis\u00e9e par palette.<\/p>","protected":false},"featured_media":1373,"comment_status":"open","ping_status":"closed","template":"","meta":[],"product_brand":[],"product_cat":[38],"product_tag":[],"class_list":{"0":"post-1372","1":"product","2":"type-product","3":"status-publish","4":"has-post-thumbnail","6":"product_cat-butiagrus","7":"product_shipping_class-butiagrus-nabonnandii-17-2","9":"first","10":"outofstock","11":"taxable","12":"shipping-taxable","13":"purchasable","14":"product-type-simple"},"_links":{"self":[{"href":"https:\/\/yucca-palm.com\/fr\/wp-json\/wp\/v2\/product\/1372","targetHints":{"allow":["GET"]}}],"collection":[{"href":"https:\/\/yucca-palm.com\/fr\/wp-json\/wp\/v2\/product"}],"about":[{"href":"https:\/\/yucca-palm.com\/fr\/wp-json\/wp\/v2\/types\/product"}],"replies":[{"embeddable":true,"href":"https:\/\/yucca-palm.com\/fr\/wp-json\/wp\/v2\/comments?post=1372"}],"wp:featuredmedia":[{"embeddable":true,"href":"https:\/\/yucca-palm.com\/fr\/wp-json\/wp\/v2\/media\/1373"}],"wp:attachment":[{"href":"https:\/\/yucca-palm.com\/fr\/wp-json\/wp\/v2\/media?parent=1372"}],"wp:term":[{"taxonomy":"product_brand","embeddable":true,"href":"https:\/\/yucca-palm.com\/fr\/wp-json\/wp\/v2\/product_brand?post=1372"},{"taxonomy":"product_cat","embeddable":true,"href":"https:\/\/yucca-palm.com\/fr\/wp-json\/wp\/v2\/product_cat?post=1372"},{"taxonomy":"product_tag","embeddable":true,"href":"https:\/\/yucca-palm.com\/fr\/wp-json\/wp\/v2\/product_tag?post=1372"}],"curies":[{"name":"wp","href":"https:\/\/api.w.org\/{rel}","templated":true}]}}