{"id":1093,"date":"2024-12-05T14:26:55","date_gmt":"2024-12-05T13:26:55","guid":{"rendered":"https:\/\/yucca-palm.com\/?post_type=product&#038;p=1093"},"modified":"2026-03-16T22:08:06","modified_gmt":"2026-03-16T21:08:06","slug":"yucca-madrensis","status":"publish","type":"product","link":"https:\/\/yucca-palm.com\/fr\/produit\/yucca-madrensis-2\/","title":{"rendered":"YUCCA MADRENSIS CONTENEUR 29CM \u00d8 15L HAUTEUR DE LA PLANTE 80 CM"},"content":{"rendered":"<p>Le <em>Yucca madrensis<\/em> Il s'agit d'une plante unique et majestueuse, dont les troncs peuvent atteindre <strong>9 m\u00e8tres de haut<\/strong> et des feuilles d'un bleu \u00e9l\u00e9gant. Cette plante, de <strong>80 cm de haut<\/strong>Sa robustesse et sa capacit\u00e9 \u00e0 prosp\u00e9rer dans des environnements arides en font un choix id\u00e9al pour <strong>xeropaisajismo<\/strong>, <strong>rocailles<\/strong> et d\u00e9coration <strong>\u00e0 l'int\u00e9rieur<\/strong>ou \u00e0 l'ext\u00e9rieur. Son poids est de <strong>10 kg<\/strong>.<\/p>\n<p>Cultiv\u00e9 en Espagne avec une production propre \u00e0 partir de graines, ce yucca n'est pas import\u00e9, ce qui garantit sa qualit\u00e9 et son adaptation au climat local. Gr\u00e2ce \u00e0 son faible entretien, il est parfait pour ceux qui cherchent \u00e0 ajouter une touche d'originalit\u00e9 \u00e0 leur jardin. <strong>L'\u00e9l\u00e9gance mexicaine<\/strong> \u00e0 leurs espaces sans effort.<\/p>\n<p>Transformez votre jardin avec le superbe <em>Yucca madrensis<\/em>! Cette plante ornementale se distingue par ses <strong>tons bleus<\/strong> et son <strong>tronc robuste<\/strong>qui peut atteindre jusqu'\u00e0 <strong>9 m\u00e8tres de haut<\/strong> dans des conditions id\u00e9ales. Actuellement, nous proposons des sp\u00e9cimens de 80<strong>\u00a0cm de hauteur<\/strong> et un poids de <strong>10 kg<\/strong>parfait pour d\u00e9marrer votre projet de maison ou d'am\u00e9nagement paysager.<\/p>\n<p><strong>Caract\u00e9ristiques principales :<\/strong><\/p>\n<ul>\n<li><strong>Production nationale :<\/strong> Cultiv\u00e9 \u00e0 partir de graines dans nos installations, ce qui garantit une plante 100% locale et exempte d'importations.<\/li>\n<li><strong>Durabilit\u00e9 et pr\u00e9sence :<\/strong> Id\u00e9al pour apporter une touche d'exotisme et d'\u00e9l\u00e9gance, avec une croissance qui assure une pr\u00e9sence importante \u00e0 long terme.<\/li>\n<\/ul>\n<p>Optez pour la qualit\u00e9 et la durabilit\u00e9 en choisissant le <em>Yucca madrensis<\/em>. Parfaites pour les jardins x\u00e9rophiles, les am\u00e9nagements paysagers modernes ou simplement pour ceux qui recherchent des plantes rustiques n\u00e9cessitant peu d'entretien.<\/p>\n<p><strong>Achetez maintenant et donnez \u00e0 votre jardin une touche de distinction avec cette merveille nationale !<\/strong><\/p>","protected":false},"excerpt":{"rendered":"<p>Plante ornementale de C-15L et 80 cm aux tons bleut\u00e9s et au tronc robuste, capable d'atteindre jusqu'\u00e0 9 m\u00e8tres de hauteur. Cultiv\u00e9e \u00e0 partir de graines en Espagne, elle garantit la qualit\u00e9 et la durabilit\u00e9. Id\u00e9ale pour les jardins x\u00e9rophiles et les am\u00e9nagements paysagers modernes. Poids : 10 kg.<\/p>","protected":false},"featured_media":1285,"comment_status":"closed","ping_status":"closed","template":"","meta":[],"product_brand":[],"product_cat":[40],"product_tag":[],"class_list":{"0":"post-1093","1":"product","2":"type-product","3":"status-publish","4":"has-post-thumbnail","6":"product_cat-yucca","7":"product_shipping_class-yucca-madrensis","9":"first","10":"outofstock","11":"taxable","12":"shipping-taxable","13":"purchasable","14":"product-type-simple"},"_links":{"self":[{"href":"https:\/\/yucca-palm.com\/fr\/wp-json\/wp\/v2\/product\/1093","targetHints":{"allow":["GET"]}}],"collection":[{"href":"https:\/\/yucca-palm.com\/fr\/wp-json\/wp\/v2\/product"}],"about":[{"href":"https:\/\/yucca-palm.com\/fr\/wp-json\/wp\/v2\/types\/product"}],"replies":[{"embeddable":true,"href":"https:\/\/yucca-palm.com\/fr\/wp-json\/wp\/v2\/comments?post=1093"}],"wp:featuredmedia":[{"embeddable":true,"href":"https:\/\/yucca-palm.com\/fr\/wp-json\/wp\/v2\/media\/1285"}],"wp:attachment":[{"href":"https:\/\/yucca-palm.com\/fr\/wp-json\/wp\/v2\/media?parent=1093"}],"wp:term":[{"taxonomy":"product_brand","embeddable":true,"href":"https:\/\/yucca-palm.com\/fr\/wp-json\/wp\/v2\/product_brand?post=1093"},{"taxonomy":"product_cat","embeddable":true,"href":"https:\/\/yucca-palm.com\/fr\/wp-json\/wp\/v2\/product_cat?post=1093"},{"taxonomy":"product_tag","embeddable":true,"href":"https:\/\/yucca-palm.com\/fr\/wp-json\/wp\/v2\/product_tag?post=1093"}],"curies":[{"name":"wp","href":"https:\/\/api.w.org\/{rel}","templated":true}]}}