{"id":1080,"date":"2024-12-01T23:27:42","date_gmt":"2024-12-01T22:27:42","guid":{"rendered":"https:\/\/yucca-palm.com\/?post_type=product&#038;p=1080"},"modified":"2026-03-17T17:37:05","modified_gmt":"2026-03-17T16:37:05","slug":"nolina-nelsonii","status":"publish","type":"product","link":"https:\/\/yucca-palm.com\/fr\/produit\/nolina-nelsonii\/","title":{"rendered":"NOLINA NELSONII CONTENEUR 29CM \u00d8 15L HAUTEUR DE LA PLANTE 60 CM"},"content":{"rendered":"<p class=\"p1\">D\u00e9couvrez les <b>Nolina Nelsonii C-15L<\/b>une plante d'origine mexicaine, id\u00e9ale pour les <b>x\u00e9rojardinage<\/b> y <b>jardins arides<\/b>. Avec ses longues feuilles bleut\u00e9es et douces au toucher, cette esp\u00e8ce apporte une touche d'exotisme sans \u00e9pines. Elle pousse parfaitement \u00e0 <b>plein soleil<\/b>exige <b>peu d'entretien<\/b> et s'adapte aux sols bien drain\u00e9s. Il est capable de r\u00e9sister \u00e0 des temp\u00e9ratures allant jusqu'\u00e0 <b>-14 \u00b0C<\/b>ce qui en fait une option robuste pour les climats froids.<\/p>\n<p class=\"p1\">Notre Nolina Nelsonii est originaire de <b>production nationale<\/b>cultiv\u00e9es \u00e0 partir de semences et non import\u00e9es, ce qui garantit la qualit\u00e9 et la durabilit\u00e9. Id\u00e9al pour <b>rocailles<\/b> et les paysages \u00e0 faible consommation d'eau, elle est parfaite pour ceux qui recherchent une plante qui ne consomme pas d'eau. <b>r\u00e9sistant au froid<\/b> et facile \u00e0 entretenir.<\/p>\n<p class=\"p1\">Dimensions : 60 cm de haut.<\/p>\n<p class=\"p1\">Poids : 5 kg.<\/p>\n<p class=\"p1\">Transformez votre espace ext\u00e9rieur avec ce joyau de la collection <b>x\u00e9rojardinage<\/b>.<\/p>","protected":false},"excerpt":{"rendered":"<p class=\"p1\">Le <b>Nolina Nelsonii<\/b> <b>C-15L <\/b>est une plante exotique mexicaine aux longues feuilles bleut\u00e9es, parfaite pour les <b>x\u00e9rojardinage<\/b> y <b>jardins arides<\/b>. R\u00e9sistant au froid jusqu'\u00e0 <b>-14 \u00b0C<\/b>Il pousse en plein soleil et n\u00e9cessite peu d'entretien. Id\u00e9al pour <b>rocailles<\/b> et des sols bien drain\u00e9s. Cultiv\u00e9 localement, il garantit la qualit\u00e9 et la durabilit\u00e9.<\/p>","protected":false},"featured_media":1283,"comment_status":"open","ping_status":"closed","template":"","meta":[],"product_brand":[],"product_cat":[39],"product_tag":[],"class_list":{"0":"post-1080","1":"product","2":"type-product","3":"status-publish","4":"has-post-thumbnail","6":"product_cat-nolina","7":"product_shipping_class-nolina-nelsonii","9":"first","10":"instock","11":"taxable","12":"shipping-taxable","13":"purchasable","14":"product-type-simple"},"_links":{"self":[{"href":"https:\/\/yucca-palm.com\/fr\/wp-json\/wp\/v2\/product\/1080","targetHints":{"allow":["GET"]}}],"collection":[{"href":"https:\/\/yucca-palm.com\/fr\/wp-json\/wp\/v2\/product"}],"about":[{"href":"https:\/\/yucca-palm.com\/fr\/wp-json\/wp\/v2\/types\/product"}],"replies":[{"embeddable":true,"href":"https:\/\/yucca-palm.com\/fr\/wp-json\/wp\/v2\/comments?post=1080"}],"wp:featuredmedia":[{"embeddable":true,"href":"https:\/\/yucca-palm.com\/fr\/wp-json\/wp\/v2\/media\/1283"}],"wp:attachment":[{"href":"https:\/\/yucca-palm.com\/fr\/wp-json\/wp\/v2\/media?parent=1080"}],"wp:term":[{"taxonomy":"product_brand","embeddable":true,"href":"https:\/\/yucca-palm.com\/fr\/wp-json\/wp\/v2\/product_brand?post=1080"},{"taxonomy":"product_cat","embeddable":true,"href":"https:\/\/yucca-palm.com\/fr\/wp-json\/wp\/v2\/product_cat?post=1080"},{"taxonomy":"product_tag","embeddable":true,"href":"https:\/\/yucca-palm.com\/fr\/wp-json\/wp\/v2\/product_tag?post=1080"}],"curies":[{"name":"wp","href":"https:\/\/api.w.org\/{rel}","templated":true}]}}