{"id":1066,"date":"2024-12-01T23:05:58","date_gmt":"2024-12-01T22:05:58","guid":{"rendered":"https:\/\/yucca-palm.com\/?post_type=product&#038;p=1066"},"modified":"2026-03-16T22:06:58","modified_gmt":"2026-03-16T21:06:58","slug":"butia-odorata","status":"publish","type":"product","link":"https:\/\/yucca-palm.com\/fr\/produit\/butia-odorata\/","title":{"rendered":"BUTIA ODORATA CONTAINER 29CM \u00d8 15L PLANTER HEIGHT 70 cm"},"content":{"rendered":"<p class=\"p1\">Le <i>Butia Odorata<\/i> est un \u00e9l\u00e9gant palmier originaire d'Am\u00e9rique du Sud, id\u00e9al pour ajouter une touche tropicale aux jardins et aux paysages. Il se distingue par son <b>haute r\u00e9sistance au froid<\/b>des temp\u00e9ratures aussi basses que -12 \u00b0C, et parce qu'ils sont <b>tol\u00e9rant au vent<\/b>ce qui en fait un choix robuste pour une vari\u00e9t\u00e9 de climats.<\/p>\n<p class=\"p1\">Petite taille :<\/p>\n<p class=\"p3\">-<b>Butia Odorata C-15L<\/b>Hauteur 70 cm, circonf\u00e9rence du tronc 45-50 cm et hauteur du tronc 20 cm.<\/p>\n<p class=\"p1\">Chaque palmier est compos\u00e9 de <b>production nationale<\/b>cultiv\u00e9es \u00e0 partir de graines, ce qui garantit la qualit\u00e9 et la fra\u00eecheur \u00e0 tout moment. Parfait pour les grands projets d'am\u00e9nagement paysager avec vente de palettes.<\/p>\n<p class=\"p1\">Achetez Butia Odorata et profitez d'un palmier rustique et exotique, id\u00e9al pour tout espace ext\u00e9rieur.<\/p>","protected":false},"excerpt":{"rendered":"<p class=\"p1\">Palmier originaire d'Am\u00e9rique du Sud, r\u00e9sistant au froid (-12 \u00b0C) et au vent. Cultiv\u00e9 \u00e0 partir de graines en production nationale, il apporte une touche exotique et \u00e9l\u00e9gante. Disponible en diff\u00e9rentes tailles, il est id\u00e9al pour les jardins et les paysages ext\u00e9rieurs.<\/p>","protected":false},"featured_media":1279,"comment_status":"closed","ping_status":"closed","template":"","meta":[],"product_brand":[],"product_cat":[37],"product_tag":[],"class_list":{"0":"post-1066","1":"product","2":"type-product","3":"status-publish","4":"has-post-thumbnail","6":"product_cat-butia","7":"product_shipping_class-butia-odorata-17","9":"first","10":"instock","11":"taxable","12":"shipping-taxable","13":"purchasable","14":"product-type-simple"},"_links":{"self":[{"href":"https:\/\/yucca-palm.com\/fr\/wp-json\/wp\/v2\/product\/1066","targetHints":{"allow":["GET"]}}],"collection":[{"href":"https:\/\/yucca-palm.com\/fr\/wp-json\/wp\/v2\/product"}],"about":[{"href":"https:\/\/yucca-palm.com\/fr\/wp-json\/wp\/v2\/types\/product"}],"replies":[{"embeddable":true,"href":"https:\/\/yucca-palm.com\/fr\/wp-json\/wp\/v2\/comments?post=1066"}],"wp:featuredmedia":[{"embeddable":true,"href":"https:\/\/yucca-palm.com\/fr\/wp-json\/wp\/v2\/media\/1279"}],"wp:attachment":[{"href":"https:\/\/yucca-palm.com\/fr\/wp-json\/wp\/v2\/media?parent=1066"}],"wp:term":[{"taxonomy":"product_brand","embeddable":true,"href":"https:\/\/yucca-palm.com\/fr\/wp-json\/wp\/v2\/product_brand?post=1066"},{"taxonomy":"product_cat","embeddable":true,"href":"https:\/\/yucca-palm.com\/fr\/wp-json\/wp\/v2\/product_cat?post=1066"},{"taxonomy":"product_tag","embeddable":true,"href":"https:\/\/yucca-palm.com\/fr\/wp-json\/wp\/v2\/product_tag?post=1066"}],"curies":[{"name":"wp","href":"https:\/\/api.w.org\/{rel}","templated":true}]}}