{"id":1062,"date":"2024-12-01T22:50:40","date_gmt":"2024-12-01T21:50:40","guid":{"rendered":"https:\/\/yucca-palm.com\/?post_type=product&#038;p=1062"},"modified":"2026-03-16T22:10:06","modified_gmt":"2026-03-16T21:10:06","slug":"agave-parryi","status":"publish","type":"product","link":"https:\/\/yucca-palm.com\/fr\/produit\/agave-parryi\/","title":{"rendered":"AGAVE PARRYI NEOMEXICANA VARIEGATA CONTENEUR 24CM \u00d8 10L DIAM\u00c8TRE 30 CM"},"content":{"rendered":"<p class=\"p1\">D\u00e9couvrez les <b>Agave Parryi Neomexicana Variegata<\/b>un joyau de la nature reconnu comme <b>l'agave le plus r\u00e9sistant au froid<\/b>capable de r\u00e9sister \u00e0 des temp\u00e9ratures extr\u00eames allant jusqu'\u00e0 <b>-18 \u00b0C<\/b>. Cette vari\u00e9t\u00e9 unique se distingue par ses <b>\u00e9l\u00e9gant feuillage panach\u00e9<\/b>avec des tons verts et cr\u00e9meux qui ajoutent une touche d'exotisme \u00e0 tout espace.<\/p>\n<p class=\"p1\">Id\u00e9al pour les jardins x\u00e9rophiles ou comme plante ornementale, l'Agave Parryi Neomexicana Variegata n\u00e9cessite un minimum d'entretien. Il est indispensable <b>\u00e9viter l'irrigation pendant l'hiver<\/b>Il s'agit donc d'une option durable et \u00e9conome en eau.<\/p>\n<p class=\"p3\"><b>Principaux avantages :<\/b><\/p>\n<p class=\"p4\">-<b>R\u00e9sistance exceptionnelle au froid<\/b>: Perfecta para climas extremos.<\/p>\n<p class=\"p4\">-<b>Facile \u00e0 entretenir<\/b>Id\u00e9al pour les d\u00e9butants et les amateurs de jardinage.<\/p>\n<p class=\"p4\">-<b>Design panach\u00e9 attrayant<\/b>Ajoutez de la beaut\u00e9 et du caract\u00e8re \u00e0 votre jardin ou \u00e0 votre terrasse.<\/p>\n<p class=\"p1\">Ajoutez cette plante \u00e0 votre collection et transformez votre espace avec une touche de nature robuste et sophistiqu\u00e9e. Achetez maintenant et profitez d'une plante qui allie beaut\u00e9 et durabilit\u00e9.<\/p>","protected":false},"excerpt":{"rendered":"<p class=\"p1\"><b>Agave Parryi Neomexicana Variegata C-9L<\/b>Les caract\u00e9ristiques de ce produit sont les suivantes : \u00e9l\u00e9gant et r\u00e9sistant, il r\u00e9siste \u00e0 des temp\u00e9ratures allant jusqu'\u00e0 <b>-18 \u00b0C<\/b>ce qui en fait l'agave le plus r\u00e9sistant au froid. Id\u00e9ale pour les jardins x\u00e9rophiles, elle n\u00e9cessite peu d'entretien et est tr\u00e8s r\u00e9sistante au froid. <b>pas d'arrosage en hiver<\/b>. Parfait pour ajouter une touche exotique et durable \u00e0 n'importe quel espace.<\/p>","protected":false},"featured_media":1278,"comment_status":"closed","ping_status":"closed","template":"","meta":[],"product_brand":[],"product_cat":[36],"product_tag":[],"class_list":{"0":"post-1062","1":"product","2":"type-product","3":"status-publish","4":"has-post-thumbnail","6":"product_cat-agave","7":"product_shipping_class-agave-parryi-neomexicana-variegata","9":"first","10":"instock","11":"taxable","12":"shipping-taxable","13":"purchasable","14":"product-type-simple"},"_links":{"self":[{"href":"https:\/\/yucca-palm.com\/fr\/wp-json\/wp\/v2\/product\/1062","targetHints":{"allow":["GET"]}}],"collection":[{"href":"https:\/\/yucca-palm.com\/fr\/wp-json\/wp\/v2\/product"}],"about":[{"href":"https:\/\/yucca-palm.com\/fr\/wp-json\/wp\/v2\/types\/product"}],"replies":[{"embeddable":true,"href":"https:\/\/yucca-palm.com\/fr\/wp-json\/wp\/v2\/comments?post=1062"}],"wp:featuredmedia":[{"embeddable":true,"href":"https:\/\/yucca-palm.com\/fr\/wp-json\/wp\/v2\/media\/1278"}],"wp:attachment":[{"href":"https:\/\/yucca-palm.com\/fr\/wp-json\/wp\/v2\/media?parent=1062"}],"wp:term":[{"taxonomy":"product_brand","embeddable":true,"href":"https:\/\/yucca-palm.com\/fr\/wp-json\/wp\/v2\/product_brand?post=1062"},{"taxonomy":"product_cat","embeddable":true,"href":"https:\/\/yucca-palm.com\/fr\/wp-json\/wp\/v2\/product_cat?post=1062"},{"taxonomy":"product_tag","embeddable":true,"href":"https:\/\/yucca-palm.com\/fr\/wp-json\/wp\/v2\/product_tag?post=1062"}],"curies":[{"name":"wp","href":"https:\/\/api.w.org\/{rel}","templated":true}]}}