{"id":1055,"date":"2024-11-26T20:52:59","date_gmt":"2024-11-26T19:52:59","guid":{"rendered":"https:\/\/yucca-palm.com\/?post_type=product&#038;p=1055"},"modified":"2026-03-12T18:31:14","modified_gmt":"2026-03-12T17:31:14","slug":"cyca-panzhihuaensis","status":"publish","type":"product","link":"https:\/\/yucca-palm.com\/fr\/produit\/cyca-panzhihuaensis\/","title":{"rendered":"CYCA PANZHIHUAENSIS - 15L - 15 CM CAUDEX"},"content":{"rendered":"<p class=\"p1\">D\u00e9couvrez les <b>Cyca panzhihuaensis<\/b>une esp\u00e8ce unique originaire du Sichuan, en Chine, c\u00e9l\u00e8bre pour sa capacit\u00e9 \u00e0 r\u00e9sister \u00e0 des temp\u00e9ratures extr\u00eames pouvant aller jusqu'\u00e0 -10\u00b0C. <b>-10 \u00b0C<\/b>. Cette plante exotique et magnifiquement exotique est parfaite pour embellir votre espace ext\u00e9rieur, combinant l'\u00e9l\u00e9gance tropicale avec une \u00e9tonnante r\u00e9sistance au froid.<\/p>\n<p class=\"p3\"><b>Caract\u00e9ristiques exceptionnelles :<\/b><\/p>\n<p class=\"p4\">-<b>R\u00e9sistance au froid<\/b>R\u00e9siste aux fortes gel\u00e9es ; m\u00eame les temp\u00e9ratures de cong\u00e9lation de <b>-12 \u00b0C<\/b> selon les r\u00e9f\u00e9rences de clients en R\u00e9publique tch\u00e8que et en Hongrie. Bien qu'il puisse perdre ses feuilles en cas d'hiver rigoureux, il repousse vigoureusement en mai.<\/p>\n<p>-<b>Caudex<\/b>: 15 CM CAUDEX<\/p>\n<p class=\"p4\">-<b>Croissance moyenne\/rapide<\/b>Id\u00e9al pour ceux qui recherchent une plante au d\u00e9veloppement constant et remarquable.<\/p>\n<p class=\"p4\">-<b>Adaptabilit\u00e9<\/b>Parfait pour les climats vari\u00e9s, en particulier dans les r\u00e9gions o\u00f9 les temp\u00e9ratures hivernales d\u00e9fient la v\u00e9g\u00e9tation traditionnelle.<\/p>\n<p class=\"p1\">Il int\u00e8gre les <b>Cyca panzhihuaensis<\/b> dans votre jardin pour profiter d'une plante qui allie durabilit\u00e9, beaut\u00e9 et une histoire unique depuis les montagnes de Chine jusqu'\u00e0 votre maison.<\/p>\n<p class=\"p1\"><b>Faites de votre jardin un havre de sophistication naturelle !<\/b> Achetez maintenant et ajoutez une touche d'exotisme robuste.<\/p>","protected":false},"excerpt":{"rendered":"<p class=\"p1\">Plante exotique et rustique C-15L originaire du Sichuan, en Chine, capable de r\u00e9sister \u00e0 des temp\u00e9ratures allant jusqu'\u00e0 <b>-10 \u00b0C<\/b>. Cultiv\u00e9 localement \u00e0 partir de graines, il garantit une qualit\u00e9 et une adaptabilit\u00e9 nationales. Id\u00e9ale pour embellir les jardins gr\u00e2ce \u00e0 sa croissance moyenne\/rapide et \u00e0 son \u00e9tonnante capacit\u00e9 \u00e0 repousser apr\u00e8s des hivers rigoureux, parfaite pour tous les climats !<\/p>","protected":false},"featured_media":1282,"comment_status":"open","ping_status":"closed","template":"","meta":[],"product_brand":[],"product_cat":[24],"product_tag":[25,26,31,34,32,33,27,29,35,30,28],"class_list":{"0":"post-1055","1":"product","2":"type-product","3":"status-publish","4":"has-post-thumbnail","6":"product_cat-cyca-panzhihuaensis","7":"product_tag-cyca","8":"product_tag-cyca-resistente-al-frio","9":"product_tag-cycadaceas","10":"product_tag-cycas-de-coleccion","11":"product_tag-cycas-en-la-bretana","12":"product_tag-cycas-en-pays-de-loire","13":"product_tag-exotica","14":"product_tag-maceta","15":"product_tag-plantas-de-coleccion","16":"product_tag-plantas-en-maceta","17":"product_tag-plantas-exoticas-para-climas-frios","18":"product_shipping_class-cyca-panzhihuaensis","20":"first","21":"outofstock","22":"taxable","23":"shipping-taxable","24":"purchasable","25":"product-type-simple"},"_links":{"self":[{"href":"https:\/\/yucca-palm.com\/fr\/wp-json\/wp\/v2\/product\/1055","targetHints":{"allow":["GET"]}}],"collection":[{"href":"https:\/\/yucca-palm.com\/fr\/wp-json\/wp\/v2\/product"}],"about":[{"href":"https:\/\/yucca-palm.com\/fr\/wp-json\/wp\/v2\/types\/product"}],"replies":[{"embeddable":true,"href":"https:\/\/yucca-palm.com\/fr\/wp-json\/wp\/v2\/comments?post=1055"}],"wp:featuredmedia":[{"embeddable":true,"href":"https:\/\/yucca-palm.com\/fr\/wp-json\/wp\/v2\/media\/1282"}],"wp:attachment":[{"href":"https:\/\/yucca-palm.com\/fr\/wp-json\/wp\/v2\/media?parent=1055"}],"wp:term":[{"taxonomy":"product_brand","embeddable":true,"href":"https:\/\/yucca-palm.com\/fr\/wp-json\/wp\/v2\/product_brand?post=1055"},{"taxonomy":"product_cat","embeddable":true,"href":"https:\/\/yucca-palm.com\/fr\/wp-json\/wp\/v2\/product_cat?post=1055"},{"taxonomy":"product_tag","embeddable":true,"href":"https:\/\/yucca-palm.com\/fr\/wp-json\/wp\/v2\/product_tag?post=1055"}],"curies":[{"name":"wp","href":"https:\/\/api.w.org\/{rel}","templated":true}]}}