{"id":818,"date":"2024-05-02T06:49:11","date_gmt":"2024-05-02T04:49:11","guid":{"rendered":"https:\/\/yucca-palm.com\/plantas-terraza\/plantas-topiarias-copy\/"},"modified":"2024-07-08T16:57:11","modified_gmt":"2024-07-08T14:57:11","slug":"yucca-madrensis","status":"publish","type":"page","link":"https:\/\/yucca-palm.com\/fr\/plantes-en-terrasse\/yucca-madrensis\/","title":{"rendered":"YUCCA MADRENSIS"},"content":{"rendered":"<div data-elementor-type=\"wp-page\" data-elementor-id=\"818\" class=\"elementor elementor-818\" data-elementor-post-type=\"page\">\n\t\t\t\t\t\t<section data-particle_enable=\"false\" data-particle-mobile-disabled=\"false\" class=\"elementor-section elementor-top-section elementor-element elementor-element-f9a29c0 elementor-section-full_width elementor-section-height-min-height elementor-section-height-default elementor-section-items-middle\" data-id=\"f9a29c0\" data-element_type=\"section\" data-settings=\"{&quot;background_background&quot;:&quot;classic&quot;}\">\n\t\t\t\t\t\t<div class=\"elementor-container elementor-column-gap-default\">\n\t\t\t\t\t<div class=\"elementor-column elementor-col-100 elementor-top-column elementor-element elementor-element-246879a\" data-id=\"246879a\" data-element_type=\"column\">\n\t\t\t<div class=\"elementor-widget-wrap\">\n\t\t\t\t\t\t\t<\/div>\n\t\t<\/div>\n\t\t\t\t\t<\/div>\n\t\t<\/section>\n\t\t\t\t<section data-particle_enable=\"false\" data-particle-mobile-disabled=\"false\" class=\"elementor-section elementor-top-section elementor-element elementor-element-20fa456 elementor-section-boxed elementor-section-height-default elementor-section-height-default\" data-id=\"20fa456\" data-element_type=\"section\">\n\t\t\t\t\t\t<div class=\"elementor-container elementor-column-gap-default\">\n\t\t\t\t\t<div class=\"elementor-column elementor-col-100 elementor-top-column elementor-element elementor-element-3ec2a75\" data-id=\"3ec2a75\" data-element_type=\"column\">\n\t\t\t<div class=\"elementor-widget-wrap elementor-element-populated\">\n\t\t\t\t\t\t<div class=\"elementor-element elementor-element-6077acf elementor-widget elementor-widget-spacer\" data-id=\"6077acf\" data-element_type=\"widget\" data-widget_type=\"spacer.default\">\n\t\t\t\t<div class=\"elementor-widget-container\">\n\t\t\t\t\t\t\t<div class=\"elementor-spacer\">\n\t\t\t<div class=\"elementor-spacer-inner\"><\/div>\n\t\t<\/div>\n\t\t\t\t\t\t<\/div>\n\t\t\t\t<\/div>\n\t\t\t\t\t<\/div>\n\t\t<\/div>\n\t\t\t\t\t<\/div>\n\t\t<\/section>\n\t\t\t\t<section data-particle_enable=\"false\" data-particle-mobile-disabled=\"false\" class=\"elementor-section elementor-top-section elementor-element elementor-element-c7668f5 elementor-section-boxed elementor-section-height-default elementor-section-height-default\" data-id=\"c7668f5\" data-element_type=\"section\">\n\t\t\t\t\t\t<div class=\"elementor-container elementor-column-gap-default\">\n\t\t\t\t\t<div class=\"elementor-column elementor-col-100 elementor-top-column elementor-element elementor-element-7f46f96\" data-id=\"7f46f96\" data-element_type=\"column\">\n\t\t\t<div class=\"elementor-widget-wrap elementor-element-populated\">\n\t\t\t\t\t\t<div class=\"elementor-element elementor-element-15427f5 elementor-widget elementor-widget-heading\" data-id=\"15427f5\" data-element_type=\"widget\" data-widget_type=\"heading.default\">\n\t\t\t\t<div class=\"elementor-widget-container\">\n\t\t\t\t\t<h2 class=\"elementor-heading-title elementor-size-default\">Plantes<\/h2>\t\t\t\t<\/div>\n\t\t\t\t<\/div>\n\t\t\t\t<div class=\"elementor-element elementor-element-8dbc4fc elementor-widget elementor-widget-heading\" data-id=\"8dbc4fc\" data-element_type=\"widget\" data-widget_type=\"heading.default\">\n\t\t\t\t<div class=\"elementor-widget-container\">\n\t\t\t\t\t<h1 class=\"elementor-heading-title elementor-size-default\">YUCCA MADRENSIS<\/h1>\t\t\t\t<\/div>\n\t\t\t\t<\/div>\n\t\t\t\t\t<\/div>\n\t\t<\/div>\n\t\t\t\t\t<\/div>\n\t\t<\/section>\n\t\t\t\t<section data-particle_enable=\"false\" data-particle-mobile-disabled=\"false\" class=\"elementor-section elementor-top-section elementor-element elementor-element-3cbb1fb elementor-section-boxed elementor-section-height-default elementor-section-height-default\" data-id=\"3cbb1fb\" data-element_type=\"section\">\n\t\t\t\t\t\t<div class=\"elementor-container elementor-column-gap-default\">\n\t\t\t\t\t<div class=\"elementor-column elementor-col-100 elementor-top-column elementor-element elementor-element-54040bb\" data-id=\"54040bb\" data-element_type=\"column\">\n\t\t\t<div class=\"elementor-widget-wrap elementor-element-populated\">\n\t\t\t\t\t\t<div class=\"elementor-element elementor-element-1a14f57 elementor-widget__width-initial elementor-widget elementor-widget-text-editor\" data-id=\"1a14f57\" data-element_type=\"widget\" data-widget_type=\"text-editor.default\">\n\t\t\t\t<div class=\"elementor-widget-container\">\n\t\t\t\t\t\t\t\t\t<p>Ce yucca est encore peu connu, mais tr\u00e8s int\u00e9ressant pour sa beaut\u00e9 et sa rusticit\u00e9. Il peut r\u00e9sister \u00e0 des temp\u00e9ratures allant jusqu'\u00e0 -20\u00baC et poss\u00e8de des feuilles larges, un peu bleut\u00e9es et compactes. De croissance moyenne et plus grand que Yucca rostrata, c'est un bon choix pour les jardins de style aride.<\/p><p>Originaire de la Sierra Madre au Mexique, d'o\u00f9 son nom. Elle pousse \u00e0 des altitudes allant jusqu'\u00e0 2000 m et r\u00e9siste aux climats d\u00e9favorables, \u00e0 la s\u00e9cheresse et aux fortes gel\u00e9es. Nous disposons de nos propres plantes m\u00e8res, qui sont plus compactes et plus bleues que les autres lignes de production.<\/p><p>Nous sommes les pionniers de la pollinisation et de la production de nos propres graines de ce yucca et d'autres yuccas en Europe.<\/p>\t\t\t\t\t\t\t\t<\/div>\n\t\t\t\t<\/div>\n\t\t\t\t<div class=\"elementor-element elementor-element-3f6f13b elementor-widget elementor-widget-spacer\" data-id=\"3f6f13b\" data-element_type=\"widget\" data-widget_type=\"spacer.default\">\n\t\t\t\t<div class=\"elementor-widget-container\">\n\t\t\t\t\t\t\t<div class=\"elementor-spacer\">\n\t\t\t<div class=\"elementor-spacer-inner\"><\/div>\n\t\t<\/div>\n\t\t\t\t\t\t<\/div>\n\t\t\t\t<\/div>\n\t\t\t\t\t<\/div>\n\t\t<\/div>\n\t\t\t\t\t<\/div>\n\t\t<\/section>\n\t\t\t\t<\/div>","protected":false},"excerpt":{"rendered":"<p>Plantas YUCCA MADRENSIS Es una yucca todav\u00eda poco conocida, pero de mucho inter\u00e9s por su belleza y rusticidad. Resiste hasta -20\u00baC y dispone de anchas hojas algo azuladas y compactas. De crecimiento medio y mayor porte que la Yucca rostrata, es una buena elecci\u00f3n para jardines de estilo \u00e1rido. Originaria de Sierra Madre en M\u00e9xico, [&hellip;]<\/p>\n","protected":false},"author":3,"featured_media":0,"parent":14,"menu_order":0,"comment_status":"closed","ping_status":"closed","template":"","meta":{"footnotes":""},"class_list":["post-818","page","type-page","status-publish","hentry"],"_links":{"self":[{"href":"https:\/\/yucca-palm.com\/fr\/wp-json\/wp\/v2\/pages\/818","targetHints":{"allow":["GET"]}}],"collection":[{"href":"https:\/\/yucca-palm.com\/fr\/wp-json\/wp\/v2\/pages"}],"about":[{"href":"https:\/\/yucca-palm.com\/fr\/wp-json\/wp\/v2\/types\/page"}],"author":[{"embeddable":true,"href":"https:\/\/yucca-palm.com\/fr\/wp-json\/wp\/v2\/users\/3"}],"replies":[{"embeddable":true,"href":"https:\/\/yucca-palm.com\/fr\/wp-json\/wp\/v2\/comments?post=818"}],"version-history":[{"count":6,"href":"https:\/\/yucca-palm.com\/fr\/wp-json\/wp\/v2\/pages\/818\/revisions"}],"predecessor-version":[{"id":1009,"href":"https:\/\/yucca-palm.com\/fr\/wp-json\/wp\/v2\/pages\/818\/revisions\/1009"}],"up":[{"embeddable":true,"href":"https:\/\/yucca-palm.com\/fr\/wp-json\/wp\/v2\/pages\/14"}],"wp:attachment":[{"href":"https:\/\/yucca-palm.com\/fr\/wp-json\/wp\/v2\/media?parent=818"}],"curies":[{"name":"wp","href":"https:\/\/api.w.org\/{rel}","templated":true}]}}