{"id":750,"date":"2024-05-02T06:38:58","date_gmt":"2024-05-02T04:38:58","guid":{"rendered":"https:\/\/yucca-palm.com\/plantas-terraza\/butia-odorata-copy\/"},"modified":"2024-12-06T11:45:22","modified_gmt":"2024-12-06T10:45:22","slug":"butiagrus-nabonnandii","status":"publish","type":"page","link":"https:\/\/yucca-palm.com\/fr\/plantes-en-terrasse\/butiagrus-nabonnandii\/","title":{"rendered":"BUTIAGRUS NABONNANDII"},"content":{"rendered":"<div data-elementor-type=\"wp-page\" data-elementor-id=\"750\" class=\"elementor elementor-750\" data-elementor-post-type=\"page\">\n\t\t\t\t\t\t<section data-particle_enable=\"false\" data-particle-mobile-disabled=\"false\" class=\"elementor-section elementor-top-section elementor-element elementor-element-f9a29c0 elementor-section-full_width elementor-section-height-min-height elementor-section-height-default elementor-section-items-middle\" data-id=\"f9a29c0\" data-element_type=\"section\" data-settings=\"{&quot;background_background&quot;:&quot;classic&quot;}\">\n\t\t\t\t\t\t<div class=\"elementor-container elementor-column-gap-default\">\n\t\t\t\t\t<div class=\"elementor-column elementor-col-100 elementor-top-column elementor-element elementor-element-246879a\" data-id=\"246879a\" data-element_type=\"column\">\n\t\t\t<div class=\"elementor-widget-wrap\">\n\t\t\t\t\t\t\t<\/div>\n\t\t<\/div>\n\t\t\t\t\t<\/div>\n\t\t<\/section>\n\t\t\t\t<section data-particle_enable=\"false\" data-particle-mobile-disabled=\"false\" class=\"elementor-section elementor-top-section elementor-element elementor-element-20fa456 elementor-section-boxed elementor-section-height-default elementor-section-height-default\" data-id=\"20fa456\" data-element_type=\"section\">\n\t\t\t\t\t\t<div class=\"elementor-container elementor-column-gap-default\">\n\t\t\t\t\t<div class=\"elementor-column elementor-col-100 elementor-top-column elementor-element elementor-element-3ec2a75\" data-id=\"3ec2a75\" data-element_type=\"column\">\n\t\t\t<div class=\"elementor-widget-wrap elementor-element-populated\">\n\t\t\t\t\t\t<div class=\"elementor-element elementor-element-6077acf elementor-widget elementor-widget-spacer\" data-id=\"6077acf\" data-element_type=\"widget\" data-widget_type=\"spacer.default\">\n\t\t\t\t<div class=\"elementor-widget-container\">\n\t\t\t\t\t\t\t<div class=\"elementor-spacer\">\n\t\t\t<div class=\"elementor-spacer-inner\"><\/div>\n\t\t<\/div>\n\t\t\t\t\t\t<\/div>\n\t\t\t\t<\/div>\n\t\t\t\t\t<\/div>\n\t\t<\/div>\n\t\t\t\t\t<\/div>\n\t\t<\/section>\n\t\t\t\t<section data-particle_enable=\"false\" data-particle-mobile-disabled=\"false\" class=\"elementor-section elementor-top-section elementor-element elementor-element-c7668f5 elementor-section-boxed elementor-section-height-default elementor-section-height-default\" data-id=\"c7668f5\" data-element_type=\"section\">\n\t\t\t\t\t\t<div class=\"elementor-container elementor-column-gap-default\">\n\t\t\t\t\t<div class=\"elementor-column elementor-col-100 elementor-top-column elementor-element elementor-element-7f46f96\" data-id=\"7f46f96\" data-element_type=\"column\">\n\t\t\t<div class=\"elementor-widget-wrap elementor-element-populated\">\n\t\t\t\t\t\t<div class=\"elementor-element elementor-element-15427f5 elementor-widget elementor-widget-heading\" data-id=\"15427f5\" data-element_type=\"widget\" data-widget_type=\"heading.default\">\n\t\t\t\t<div class=\"elementor-widget-container\">\n\t\t\t\t\t<h2 class=\"elementor-heading-title elementor-size-default\">Plantes<\/h2>\t\t\t\t<\/div>\n\t\t\t\t<\/div>\n\t\t\t\t<div class=\"elementor-element elementor-element-8dbc4fc elementor-widget elementor-widget-heading\" data-id=\"8dbc4fc\" data-element_type=\"widget\" data-widget_type=\"heading.default\">\n\t\t\t\t<div class=\"elementor-widget-container\">\n\t\t\t\t\t<h1 class=\"elementor-heading-title elementor-size-default\">BUTIAGRUS NABONNANDII<\/h1>\t\t\t\t<\/div>\n\t\t\t\t<\/div>\n\t\t\t\t\t<\/div>\n\t\t<\/div>\n\t\t\t\t\t<\/div>\n\t\t<\/section>\n\t\t\t\t<section data-particle_enable=\"false\" data-particle-mobile-disabled=\"false\" class=\"elementor-section elementor-top-section elementor-element elementor-element-3cbb1fb elementor-section-boxed elementor-section-height-default elementor-section-height-default\" data-id=\"3cbb1fb\" data-element_type=\"section\">\n\t\t\t\t\t\t<div class=\"elementor-container elementor-column-gap-default\">\n\t\t\t\t\t<div class=\"elementor-column elementor-col-100 elementor-top-column elementor-element elementor-element-54040bb\" data-id=\"54040bb\" data-element_type=\"column\">\n\t\t\t<div class=\"elementor-widget-wrap elementor-element-populated\">\n\t\t\t\t\t\t<div class=\"elementor-element elementor-element-1a14f57 elementor-widget__width-initial elementor-widget elementor-widget-text-editor\" data-id=\"1a14f57\" data-element_type=\"widget\" data-widget_type=\"text-editor.default\">\n\t\t\t\t<div class=\"elementor-widget-container\">\n\t\t\t\t\t\t\t\t\t<p>Le <strong>Butiagrus nabonnandii<\/strong> est un hybride spontan\u00e9 d\u00e9couvert au Br\u00e9sil, en Uruguay et en Argentine, o\u00f9 les genres <strong>Butia<\/strong> y <strong>Syagrus romanzoffiana<\/strong> coexistent naturellement. Cet hybride se distingue par sa croissance rapide, sa r\u00e9sistance au froid et son aspect tropical, ce qui en fait l'alternative id\u00e9ale au cocotier dans les climats froids. Notre production la plus r\u00e9ussie. Hybride \u00e0 l'aspect tropical et tr\u00e8s r\u00e9sistant au froid -11\u00baC. Nous avons personnellement pollinis\u00e9 ce magnifique croisement entre Butia et Syagrus romanzzoffiana. Le meilleur choix pour un jardin exotique dans les r\u00e9gions froides. Croissance plus rapide qu'un Butia, meilleure r\u00e9sistance aux maladies des racines et des apex. Tol\u00e8re un arrosage plus important et assimile mieux les nutriments dans les sols lourds que n'importe quel Syagrus.<\/p><h3>\u00a0<\/h3><h3><strong>Caract\u00e9ristiques botaniques de Butiagrus nabonnandii<\/strong><\/h3><ul><li><strong>Tronc robuste et \u00e9lanc\u00e9 :<\/strong> Plus fin que le Butia mais plus imposant que le Syagrus.<\/li><li><strong>Feuilles arqu\u00e9es :<\/strong> Ils allient l'\u00e9l\u00e9gance du Syagrus \u00e0 la solidit\u00e9 du Butia.<\/li><li><strong>R\u00e9sistance au froid :<\/strong> Tol\u00e8re des temp\u00e9ratures allant jusqu'\u00e0 -10\u00b0C sans protection.<\/li><li><strong>Vigueur exceptionnelle :<\/strong> Il pousse rapidement, m\u00eame dans les sols pauvres et sablonneux.<\/li><\/ul><h3>\u00a0<\/h3><h3><strong>Avantages de l'hybride Butiagrus<\/strong><\/h3><p>Gr\u00e2ce \u00e0 son g\u00e9nome hybride, Butiagrus surpasse ses parents \u00e0 plusieurs \u00e9gards :<\/p><ol><li><strong>Tol\u00e9rance aux sols humides :<\/strong> Mieux adapt\u00e9 que Butia et Syagrus.<\/li><li><strong>R\u00e9duction des carences en micronutriments :<\/strong> Elles prosp\u00e8rent dans les sols difficiles.<\/li><li><strong>Am\u00e9lioration de l'hygi\u00e8ne :<\/strong> Les fruits de la premi\u00e8re g\u00e9n\u00e9ration sont g\u00e9n\u00e9ralement non viables, ce qui facilite le nettoyage du sol.<\/li><\/ol><p>L'objectif de la culture du Butiagrus est de combiner la r\u00e9sistance au froid du Butia avec la croissance rapide et l'aspect tropical du Syagrus.<\/p><h3>\u00a0<\/h3><h3><strong>Production et culture de p\u00e9pini\u00e8res<\/strong><\/h3><p>Nous produisons ces hybrides en <strong>pollinisation manuelle<\/strong>un processus complexe qui garantit des r\u00e9sultats de haute qualit\u00e9. Nous sommes reconnaissants de l'expertise de <strong>\u00c9mile Floirnue<\/strong>Nos p\u00e9pini\u00e8res cultivent \u00e9galement d'autres hybrides remarquables tels que::::::::::::::::::::: :. Nos p\u00e9pini\u00e8res cultivent \u00e9galement d'autres hybrides remarquables tels que :<\/p><ul><li><strong>Jubutia<\/strong> (<em>Jubaea x Butia<\/em>)<\/li><li><strong>Jubutiagrus<\/strong> (<em>Jubaea x Butia x Syagrus<\/em>)<\/li><\/ul><p>Les palmeraies commercialis\u00e9es ont entre <strong>4 et 6 ans<\/strong>garantissant une robustesse optimale lors de l'envoi \u00e0 nos clients.<\/p><h3>\u00a0<\/h3><h3><strong>S\u00e9lection rigoureuse des plantes m\u00e8res<\/strong><\/h3><p>Nous assurons une s\u00e9lection continue de nos plantes m\u00e8res. Les sp\u00e9cimens pr\u00e9sentant des probl\u00e8mes de croissance, des maladies des racines ou des carences sont \u00e9limin\u00e9s de la production, ce qui garantit une g\u00e9n\u00e9tique de qualit\u00e9.<\/p><h3>\u00a0<\/h3><h3><strong>Recommandations de plantation<\/strong><\/h3><p>Assurer un bon d\u00e9veloppement du Butiagrus :<\/p><ul><li><strong>Exposition :<\/strong> Ensoleill\u00e9.<\/li><li><strong>Drainage :<\/strong> Il est essentiel d'\u00e9viter l'engorgement des sols.<\/li><li><strong>Espacement :<\/strong> Laissez suffisamment d'espace pour que la couronne puisse d\u00e9ployer toute sa majest\u00e9.<\/li><\/ul><h3>\u00a0<\/h3><h3><strong>Hybridations et innovations compl\u00e9mentaires<\/strong><\/h3><p>Parall\u00e8lement, nous exp\u00e9rimentons d'autres hybridations fascinantes :<\/p><ul><li><strong>Yucca madrensis x Yucca rostrata<\/strong><\/li><li><strong>Hybrides d'alo\u00e8s<\/strong><\/li><li><strong>Phoenix reclinata x Phoenix roebelenii<\/strong> (bient\u00f4t disponible)<\/li><\/ul><h3>\u00a0<\/h3><h3><strong>Perspectives europ\u00e9ennes et qualit\u00e9 sup\u00e9rieure<\/strong><\/h3><p>Pendant des ann\u00e9es, l'approvisionnement europ\u00e9en a d\u00e9pendu des importations. Cependant, les palmiers cultiv\u00e9s localement en Espagne ont fait preuve d'une meilleure robustesse et d'une croissance saine. Avant leur commercialisation en 2023, nous avons men\u00e9 des tests approfondis qui ont confirm\u00e9 que les sp\u00e9cimens cultiv\u00e9s localement sont plus performants que leurs \u00e9quivalents import\u00e9s.<\/p><h3>\u00a0<\/h3><h3><strong>Conclusion<\/strong><\/h3><p>Le <strong>Butiagrus nabonnandii<\/strong> est un hybride de palmier \u00e0 fort potentiel, alliant l'esth\u00e9tique tropicale \u00e0 la r\u00e9sistance au froid. Il est promis \u00e0 un bel avenir dans les jardins europ\u00e9ens.\u00a0<\/p><p>Gr\u00e2ce \u00e0 ces techniques d'hybridation avanc\u00e9es et \u00e0 l'accent mis sur la qualit\u00e9, nous contribuons \u00e0 l'enrichissement des paysages europ\u00e9ens avec des plantes d'une grande vigueur et d'une beaut\u00e9 tropicale exceptionnelle.<\/p>\t\t\t\t\t\t\t\t<\/div>\n\t\t\t\t<\/div>\n\t\t\t\t<div class=\"elementor-element elementor-element-3f6f13b elementor-widget elementor-widget-spacer\" data-id=\"3f6f13b\" data-element_type=\"widget\" data-widget_type=\"spacer.default\">\n\t\t\t\t<div class=\"elementor-widget-container\">\n\t\t\t\t\t\t\t<div class=\"elementor-spacer\">\n\t\t\t<div class=\"elementor-spacer-inner\"><\/div>\n\t\t<\/div>\n\t\t\t\t\t\t<\/div>\n\t\t\t\t<\/div>\n\t\t\t\t\t<\/div>\n\t\t<\/div>\n\t\t\t\t\t<\/div>\n\t\t<\/section>\n\t\t\t\t<section data-particle_enable=\"false\" data-particle-mobile-disabled=\"false\" class=\"elementor-section elementor-top-section elementor-element elementor-element-84a1c6d elementor-section-boxed elementor-section-height-default elementor-section-height-default\" data-id=\"84a1c6d\" data-element_type=\"section\">\n\t\t\t\t\t\t<div class=\"elementor-container elementor-column-gap-default\">\n\t\t\t\t\t<div class=\"elementor-column elementor-col-100 elementor-top-column elementor-element elementor-element-8d2798d\" data-id=\"8d2798d\" data-element_type=\"column\">\n\t\t\t<div class=\"elementor-widget-wrap elementor-element-populated\">\n\t\t\t\t\t\t<div class=\"elementor-element elementor-element-717922e elementor-widget elementor-widget-gallery\" data-id=\"717922e\" data-element_type=\"widget\" data-settings=\"{&quot;gallery_layout&quot;:&quot;masonry&quot;,&quot;columns&quot;:3,&quot;lazyload&quot;:&quot;yes&quot;,&quot;columns_tablet&quot;:2,&quot;columns_mobile&quot;:1,&quot;gap&quot;:{&quot;unit&quot;:&quot;px&quot;,&quot;size&quot;:10,&quot;sizes&quot;:[]},&quot;gap_tablet&quot;:{&quot;unit&quot;:&quot;px&quot;,&quot;size&quot;:10,&quot;sizes&quot;:[]},&quot;gap_mobile&quot;:{&quot;unit&quot;:&quot;px&quot;,&quot;size&quot;:10,&quot;sizes&quot;:[]},&quot;link_to&quot;:&quot;file&quot;,&quot;overlay_background&quot;:&quot;yes&quot;,&quot;content_hover_animation&quot;:&quot;fade-in&quot;}\" data-widget_type=\"gallery.default\">\n\t\t\t\t<div class=\"elementor-widget-container\">\n\t\t\t\t\t\t\t<div class=\"elementor-gallery__container\">\n\t\t\t\t\t\t\t<a class=\"e-gallery-item elementor-gallery-item elementor-animated-content\" href=\"https:\/\/yucca-palm.com\/wp-content\/uploads\/2024\/07\/BUTIAGRUS-NABONNANDII.jpg\" data-elementor-open-lightbox=\"yes\" data-elementor-lightbox-slideshow=\"717922e\" data-elementor-lightbox-title=\"BUTIAGRUS NABONNANDII\" data-e-action-hash=\"#elementor-action%3Aaction%3Dlightbox%26settings%3DeyJpZCI6NzUzLCJ1cmwiOiJodHRwczpcL1wveXVjY2EtcGFsbS5jb21cL3dwLWNvbnRlbnRcL3VwbG9hZHNcLzIwMjRcLzA3XC9CVVRJQUdSVVMtTkFCT05OQU5ESUkuanBnIiwic2xpZGVzaG93IjoiNzE3OTIyZSJ9\">\n\t\t\t\t\t<div class=\"e-gallery-image elementor-gallery-item__image\" data-thumbnail=\"https:\/\/yucca-palm.com\/wp-content\/uploads\/2024\/07\/BUTIAGRUS-NABONNANDII.jpg\" data-width=\"816\" data-height=\"1147\" aria-label=\"\" role=\"img\" ><\/div>\n\t\t\t\t\t\t\t\t\t\t\t<div class=\"elementor-gallery-item__overlay\"><\/div>\n\t\t\t\t\t\t\t\t\t\t\t\t\t\t<\/a>\n\t\t\t\t\t<\/div>\n\t\t\t\t\t<\/div>\n\t\t\t\t<\/div>\n\t\t\t\t\t<\/div>\n\t\t<\/div>\n\t\t\t\t\t<\/div>\n\t\t<\/section>\n\t\t\t\t<\/div>","protected":false},"excerpt":{"rendered":"<p>Plantas BUTIAGRUS NABONNANDII El Butiagrus nabonnandii es un h\u00edbrido espont\u00e1neo descubierto en Brasil, Uruguay y Argentina, donde los g\u00e9neros Butia y Syagrus romanzoffiana coexisten de forma natural. Este h\u00edbrido se destaca por su rapidez de crecimiento, resistencia al fr\u00edo y aspecto tropical, lo que lo convierte en la alternativa ideal al cocotero en climas fr\u00edos. [&hellip;]<\/p>\n","protected":false},"author":3,"featured_media":0,"parent":14,"menu_order":0,"comment_status":"closed","ping_status":"closed","template":"","meta":{"footnotes":""},"class_list":["post-750","page","type-page","status-publish","hentry"],"_links":{"self":[{"href":"https:\/\/yucca-palm.com\/fr\/wp-json\/wp\/v2\/pages\/750","targetHints":{"allow":["GET"]}}],"collection":[{"href":"https:\/\/yucca-palm.com\/fr\/wp-json\/wp\/v2\/pages"}],"about":[{"href":"https:\/\/yucca-palm.com\/fr\/wp-json\/wp\/v2\/types\/page"}],"author":[{"embeddable":true,"href":"https:\/\/yucca-palm.com\/fr\/wp-json\/wp\/v2\/users\/3"}],"replies":[{"embeddable":true,"href":"https:\/\/yucca-palm.com\/fr\/wp-json\/wp\/v2\/comments?post=750"}],"version-history":[{"count":16,"href":"https:\/\/yucca-palm.com\/fr\/wp-json\/wp\/v2\/pages\/750\/revisions"}],"predecessor-version":[{"id":1101,"href":"https:\/\/yucca-palm.com\/fr\/wp-json\/wp\/v2\/pages\/750\/revisions\/1101"}],"up":[{"embeddable":true,"href":"https:\/\/yucca-palm.com\/fr\/wp-json\/wp\/v2\/pages\/14"}],"wp:attachment":[{"href":"https:\/\/yucca-palm.com\/fr\/wp-json\/wp\/v2\/media?parent=750"}],"curies":[{"name":"wp","href":"https:\/\/api.w.org\/{rel}","templated":true}]}}