{"id":458,"date":"2024-04-29T20:18:41","date_gmt":"2024-04-29T18:18:41","guid":{"rendered":"https:\/\/yucca-palm.com\/plantas-terraza\/yuccas-y-agaves-aloes-copy\/"},"modified":"2025-05-25T12:07:24","modified_gmt":"2025-05-25T10:07:24","slug":"landscaping","status":"publish","type":"page","link":"https:\/\/yucca-palm.com\/fr\/amenagement-paysager\/","title":{"rendered":"Am\u00e9nagement paysager"},"content":{"rendered":"<div data-elementor-type=\"wp-page\" data-elementor-id=\"458\" class=\"elementor elementor-458\" data-elementor-post-type=\"page\">\n\t\t\t\t\t\t<section data-particle_enable=\"false\" data-particle-mobile-disabled=\"false\" class=\"elementor-section elementor-top-section elementor-element elementor-element-2865801 elementor-section-boxed elementor-section-height-default elementor-section-height-default\" data-id=\"2865801\" data-element_type=\"section\">\n\t\t\t\t\t\t<div class=\"elementor-container elementor-column-gap-default\">\n\t\t\t\t\t<div class=\"elementor-column elementor-col-100 elementor-top-column elementor-element elementor-element-054d7d7\" data-id=\"054d7d7\" data-element_type=\"column\">\n\t\t\t<div class=\"elementor-widget-wrap elementor-element-populated\">\n\t\t\t\t\t\t<div class=\"elementor-element elementor-element-a93fecd elementor-arrows-position-outside elementor-pagination-position-outside elementor-widget elementor-widget-image-carousel\" data-id=\"a93fecd\" data-element_type=\"widget\" data-settings=\"{&quot;slides_to_show&quot;:&quot;1&quot;,&quot;navigation&quot;:&quot;both&quot;,&quot;autoplay&quot;:&quot;yes&quot;,&quot;pause_on_hover&quot;:&quot;yes&quot;,&quot;pause_on_interaction&quot;:&quot;yes&quot;,&quot;autoplay_speed&quot;:5000,&quot;infinite&quot;:&quot;yes&quot;,&quot;effect&quot;:&quot;slide&quot;,&quot;speed&quot;:500}\" data-widget_type=\"image-carousel.default\">\n\t\t\t\t<div class=\"elementor-widget-container\">\n\t\t\t\t\t\t\t<div class=\"elementor-image-carousel-wrapper swiper\" role=\"region\" aria-roledescription=\"carousel\" aria-label=\"Carrousel d&#039;images\" dir=\"ltr\">\n\t\t\t<div class=\"elementor-image-carousel swiper-wrapper swiper-image-stretch\" aria-live=\"off\">\n\t\t\t\t\t\t\t\t<div class=\"swiper-slide\" role=\"group\" aria-roledescription=\"slide\" aria-label=\"1 sur 2\" data-no-translation-aria-label=\"\"><figure class=\"swiper-slide-inner\"><img decoding=\"async\" class=\"swiper-slide-image\" src=\"https:\/\/yucca-palm.com\/wp-content\/uploads\/2024\/07\/land-2.jpg\" alt=\"terre-2\" \/><\/figure><\/div><div class=\"swiper-slide\" role=\"group\" aria-roledescription=\"slide\" aria-label=\"2 sur 2\" data-no-translation-aria-label=\"\"><figure class=\"swiper-slide-inner\"><img decoding=\"async\" class=\"swiper-slide-image\" src=\"https:\/\/yucca-palm.com\/wp-content\/uploads\/2025\/01\/carrus.land2_.jpg\" alt=\"Am\u00e9nagement paysager 3\" \/><\/figure><\/div>\t\t\t<\/div>\n\t\t\t\t\t\t\t\t\t\t\t\t<div class=\"elementor-swiper-button elementor-swiper-button-prev\" role=\"button\" tabindex=\"0\">\n\t\t\t\t\t\t<i aria-hidden=\"true\" class=\"eicon-chevron-left\"><\/i>\t\t\t\t\t<\/div>\n\t\t\t\t\t<div class=\"elementor-swiper-button elementor-swiper-button-next\" role=\"button\" tabindex=\"0\">\n\t\t\t\t\t\t<i aria-hidden=\"true\" class=\"eicon-chevron-right\"><\/i>\t\t\t\t\t<\/div>\n\t\t\t\t\n\t\t\t\t\t\t\t\t\t<div class=\"swiper-pagination\"><\/div>\n\t\t\t\t\t\t\t\t\t<\/div>\n\t\t\t\t\t\t<\/div>\n\t\t\t\t<\/div>\n\t\t\t\t\t<\/div>\n\t\t<\/div>\n\t\t\t\t\t<\/div>\n\t\t<\/section>\n\t\t\t\t<section data-particle_enable=\"false\" data-particle-mobile-disabled=\"false\" class=\"elementor-section elementor-top-section elementor-element elementor-element-9e41a09 elementor-section-boxed elementor-section-height-default elementor-section-height-default\" data-id=\"9e41a09\" data-element_type=\"section\">\n\t\t\t\t\t\t<div class=\"elementor-container elementor-column-gap-default\">\n\t\t\t\t\t<div class=\"elementor-column elementor-col-100 elementor-top-column elementor-element elementor-element-0abf3fe\" data-id=\"0abf3fe\" data-element_type=\"column\">\n\t\t\t<div class=\"elementor-widget-wrap elementor-element-populated\">\n\t\t\t\t\t\t<div class=\"elementor-element elementor-element-386ec05 elementor-widget elementor-widget-heading\" data-id=\"386ec05\" data-element_type=\"widget\" data-widget_type=\"heading.default\">\n\t\t\t\t<div class=\"elementor-widget-container\">\n\t\t\t\t\t<h2 class=\"elementor-heading-title elementor-size-default\">AM\u00c9NAGEMENT DU TERRITOIRE<\/h2>\t\t\t\t<\/div>\n\t\t\t\t<\/div>\n\t\t\t\t<div class=\"elementor-element elementor-element-775cfea elementor-widget elementor-widget-text-editor\" data-id=\"775cfea\" data-element_type=\"widget\" data-widget_type=\"text-editor.default\">\n\t\t\t\t<div class=\"elementor-widget-container\">\n\t\t\t\t\t\t\t\t\t<p>Notre production est orient\u00e9e vers le jardinage.<\/p><p>M\u00eame lors de la s\u00e9lection des plantes de collection, le concept paysager est prioritaire.<\/p><p>La beaut\u00e9 du sp\u00e9cimen, son adaptation \u00e0 l'environnement existant et son comportement sous tous les climats sont plus importants pour nous que son nom botanique.<\/p><p>Nous pollinisons \u00e0 la main, faisons germer et cultivons de nombreuses esp\u00e8ces de notre catalogue dans l'espoir qu'elles feront un jour partie d'un jardin en Europe.<\/p><p>Nous avons plus de 25 ans d'exp\u00e9rience dans la conception et la construction de jardins.<\/p>\t\t\t\t\t\t\t\t<\/div>\n\t\t\t\t<\/div>\n\t\t\t\t\t<\/div>\n\t\t<\/div>\n\t\t\t\t\t<\/div>\n\t\t<\/section>\n\t\t\t\t<section data-particle_enable=\"false\" data-particle-mobile-disabled=\"false\" class=\"elementor-section elementor-top-section elementor-element elementor-element-ca49b8c elementor-section-boxed elementor-section-height-default elementor-section-height-default\" data-id=\"ca49b8c\" data-element_type=\"section\">\n\t\t\t\t\t\t<div class=\"elementor-container elementor-column-gap-default\">\n\t\t\t\t\t<div class=\"elementor-column elementor-col-100 elementor-top-column elementor-element elementor-element-9c2b4ca\" data-id=\"9c2b4ca\" data-element_type=\"column\">\n\t\t\t<div class=\"elementor-widget-wrap elementor-element-populated\">\n\t\t\t\t\t\t<div class=\"elementor-element elementor-element-3fb7351 elementor-arrows-position-outside elementor-pagination-position-outside elementor-widget elementor-widget-image-carousel\" data-id=\"3fb7351\" data-element_type=\"widget\" data-settings=\"{&quot;slides_to_show&quot;:&quot;2&quot;,&quot;navigation&quot;:&quot;both&quot;,&quot;autoplay&quot;:&quot;yes&quot;,&quot;pause_on_hover&quot;:&quot;yes&quot;,&quot;pause_on_interaction&quot;:&quot;yes&quot;,&quot;autoplay_speed&quot;:5000,&quot;infinite&quot;:&quot;yes&quot;,&quot;speed&quot;:500,&quot;image_spacing_custom&quot;:{&quot;unit&quot;:&quot;px&quot;,&quot;size&quot;:20,&quot;sizes&quot;:[]},&quot;image_spacing_custom_tablet&quot;:{&quot;unit&quot;:&quot;px&quot;,&quot;size&quot;:&quot;&quot;,&quot;sizes&quot;:[]},&quot;image_spacing_custom_mobile&quot;:{&quot;unit&quot;:&quot;px&quot;,&quot;size&quot;:&quot;&quot;,&quot;sizes&quot;:[]}}\" data-widget_type=\"image-carousel.default\">\n\t\t\t\t<div class=\"elementor-widget-container\">\n\t\t\t\t\t\t\t<div class=\"elementor-image-carousel-wrapper swiper\" role=\"region\" aria-roledescription=\"carousel\" aria-label=\"Carrousel d&#039;images\" dir=\"ltr\">\n\t\t\t<div class=\"elementor-image-carousel swiper-wrapper swiper-image-stretch\" aria-live=\"off\">\n\t\t\t\t\t\t\t\t<div class=\"swiper-slide\" role=\"group\" aria-roledescription=\"slide\" aria-label=\"1 sur 3\" data-no-translation-aria-label=\"\"><figure class=\"swiper-slide-inner\"><img decoding=\"async\" class=\"swiper-slide-image\" src=\"https:\/\/yucca-palm.com\/wp-content\/uploads\/2024\/07\/DESERT-GRADENS.jpg\" alt=\"GRADENS DU DESERT\" \/><\/figure><\/div><div class=\"swiper-slide\" role=\"group\" aria-roledescription=\"slide\" aria-label=\"2 sur 3\" data-no-translation-aria-label=\"\"><figure class=\"swiper-slide-inner\"><img decoding=\"async\" class=\"swiper-slide-image\" src=\"https:\/\/yucca-palm.com\/wp-content\/uploads\/2024\/07\/MELIA-INDOOR.jpg\" alt=\"MELIA INDOOR\" \/><\/figure><\/div><div class=\"swiper-slide\" role=\"group\" aria-roledescription=\"slide\" aria-label=\"3 sur 3\" data-no-translation-aria-label=\"\"><figure class=\"swiper-slide-inner\"><img decoding=\"async\" class=\"swiper-slide-image\" src=\"https:\/\/yucca-palm.com\/wp-content\/uploads\/2025\/05\/IMG_3673-1-scaled.jpg\" alt=\"IMG_3673-1\" \/><\/figure><\/div>\t\t\t<\/div>\n\t\t\t\t\t\t\t\t\t\t\t\t<div class=\"elementor-swiper-button elementor-swiper-button-prev\" role=\"button\" tabindex=\"0\">\n\t\t\t\t\t\t<i aria-hidden=\"true\" class=\"eicon-chevron-left\"><\/i>\t\t\t\t\t<\/div>\n\t\t\t\t\t<div class=\"elementor-swiper-button elementor-swiper-button-next\" role=\"button\" tabindex=\"0\">\n\t\t\t\t\t\t<i aria-hidden=\"true\" class=\"eicon-chevron-right\"><\/i>\t\t\t\t\t<\/div>\n\t\t\t\t\n\t\t\t\t\t\t\t\t\t<div class=\"swiper-pagination\"><\/div>\n\t\t\t\t\t\t\t\t\t<\/div>\n\t\t\t\t\t\t<\/div>\n\t\t\t\t<\/div>\n\t\t\t\t<section data-particle_enable=\"false\" data-particle-mobile-disabled=\"false\" class=\"elementor-section elementor-inner-section elementor-element elementor-element-855afce elementor-section-boxed elementor-section-height-default elementor-section-height-default\" data-id=\"855afce\" data-element_type=\"section\">\n\t\t\t\t\t\t<div class=\"elementor-container elementor-column-gap-default\">\n\t\t\t\t\t<div class=\"elementor-column elementor-col-100 elementor-inner-column elementor-element elementor-element-97b1677\" data-id=\"97b1677\" data-element_type=\"column\">\n\t\t\t<div class=\"elementor-widget-wrap elementor-element-populated\">\n\t\t\t\t\t\t<div class=\"elementor-element elementor-element-267bd29 elementor-widget elementor-widget-image\" data-id=\"267bd29\" data-element_type=\"widget\" data-widget_type=\"image.default\">\n\t\t\t\t<div class=\"elementor-widget-container\">\n\t\t\t\t\t\t\t\t\t\t\t\t\t\t\t<img fetchpriority=\"high\" decoding=\"async\" width=\"487\" height=\"537\" src=\"https:\/\/yucca-palm.com\/wp-content\/uploads\/2024\/07\/1-TERRAZAS.jpg\" class=\"attachment-large size-large wp-image-928\" alt=\"\" \/>\t\t\t\t\t\t\t\t\t\t\t\t\t\t\t<\/div>\n\t\t\t\t<\/div>\n\t\t\t\t<div class=\"elementor-element elementor-element-e63680c elementor-widget elementor-widget-image\" data-id=\"e63680c\" data-element_type=\"widget\" data-widget_type=\"image.default\">\n\t\t\t\t<div class=\"elementor-widget-container\">\n\t\t\t\t\t\t\t\t\t\t\t\t\t\t\t<img decoding=\"async\" width=\"1024\" height=\"397\" src=\"https:\/\/yucca-palm.com\/wp-content\/uploads\/2024\/05\/logo-landscaping-1024x397.jpg\" class=\"attachment-large size-large wp-image-456\" alt=\"\" srcset=\"https:\/\/yucca-palm.com\/wp-content\/uploads\/2024\/05\/logo-landscaping-1024x397.jpg 1024w, https:\/\/yucca-palm.com\/wp-content\/uploads\/2024\/05\/logo-landscaping-800x310.jpg 800w, https:\/\/yucca-palm.com\/wp-content\/uploads\/2024\/05\/logo-landscaping-768x297.jpg 768w\" sizes=\"(max-width: 1024px) 100vw, 1024px\" \/>\t\t\t\t\t\t\t\t\t\t\t\t\t\t\t<\/div>\n\t\t\t\t<\/div>\n\t\t\t\t\t<\/div>\n\t\t<\/div>\n\t\t\t\t\t<\/div>\n\t\t<\/section>\n\t\t\t\t<div class=\"elementor-element elementor-element-6c1912b elementor-widget elementor-widget-heading\" data-id=\"6c1912b\" data-element_type=\"widget\" data-widget_type=\"heading.default\">\n\t\t\t\t<div class=\"elementor-widget-container\">\n\t\t\t\t\t<h2 class=\"elementor-heading-title elementor-size-default\">Visitez notre boutique<\/h2>\t\t\t\t<\/div>\n\t\t\t\t<\/div>\n\t\t\t\t<div class=\"elementor-element elementor-element-f02d283 elementor-grid-2 elementor-grid-tablet-3 elementor-grid-mobile-2 elementor-products-grid elementor-wc-products elementor-show-pagination-border-yes elementor-widget elementor-widget-woocommerce-products\" data-id=\"f02d283\" data-element_type=\"widget\" data-widget_type=\"woocommerce-products.default\">\n\t\t\t\t<div class=\"elementor-widget-container\">\n\t\t\t\t\t<div class=\"woocommerce columns-2\"><div class=\"woocommerce-notices-wrapper\"><\/div><div class=\"shop-loop-before\"><nav class=\"woocommerce-pagination\">\t<form class=\"woocommerce-viewing\" method=\"get\" action=\"\">\r\n\r\n\t\t<label>Afficher: <\/label>\r\n\r\n\t\t<select name=\"count\" class=\"count\">\r\n\t\t\t\t\t\t\t\t\t<option value=\"12\"  selected='selected'>12<\/option>\r\n\t\t\t\t\t\t\t<option value=\"24\" >24<\/option>\r\n\t\t\t\t\t\t\t<option value=\"36\" >36<\/option>\r\n\t\t\t\t\t<\/select>\r\n\r\n\t\t<input type=\"hidden\" name=\"paged\" value=\"\"\/>\r\n\r\n\t\t\t<input type=\"hidden\" name=\"trp-form-language\" value=\"fr\"\/><\/form>\r\n<ul class='page-numbers'>\n\t<li><span aria-label=\"Page 1\" aria-current=\"page\" class=\"page-numbers current\" data-no-translation-aria-label=\"\">1<\/span><\/li>\n\t<li><a aria-label=\"Page 2\" class=\"page-numbers\" href=\"\/fr\/wp-json\/wp\/v2\/pages\/458?product-page=2\" data-no-translation-aria-label=\"\">2<\/a><\/li>\n\t<li><a aria-label=\"Page 3\" class=\"page-numbers\" href=\"\/fr\/wp-json\/wp\/v2\/pages\/458?product-page=3\" data-no-translation-aria-label=\"\">3<\/a><\/li>\n\t<li><span class=\"page-numbers dots\">\u2026<\/span><\/li>\n\t<li><a aria-label=\"Page 6\" class=\"page-numbers\" href=\"\/fr\/wp-json\/wp\/v2\/pages\/458?product-page=6\" data-no-translation-aria-label=\"\">6<\/a><\/li>\n\t<li><a aria-label=\"Page 7\" class=\"page-numbers\" href=\"\/fr\/wp-json\/wp\/v2\/pages\/458?product-page=7\" data-no-translation-aria-label=\"\">7<\/a><\/li>\n\t<li><a aria-label=\"Page 8\" class=\"page-numbers\" href=\"\/fr\/wp-json\/wp\/v2\/pages\/458?product-page=8\" data-no-translation-aria-label=\"\">8<\/a><\/li>\n\t<li><a class=\"next page-numbers\" href=\"\/fr\/wp-json\/wp\/v2\/pages\/458?product-page=2\"><\/a><\/li>\n<\/ul>\n<\/nav>\r\n\t<div class=\"gridlist-toggle\">\r\n\t\t<a href=\"#\" id=\"grid\" class=\"porto-icon-mode-grid active\" title=\"Vue sur la grille\"><\/a><a href=\"#\" id=\"list\" class=\"porto-icon-mode-list\" title=\"List view\"><\/a>\r\n\t<\/div>\r\n\t<\/div><ul class=\"products elementor-grid products-container grid pcols-lg-2 pcols-md-2 pcols-xs-2 pcols-ls-2 pwidth-lg-2 pwidth-md-2 pwidth-xs-1 pwidth-ls-1 is-shortcode\"\r\n\t data-product_layout=\"product-awq_onimage\">\r\n\r\n<li class=\"product-col product-awq_onimage product type-product post-1055 status-publish first outofstock product_cat-cyca-panzhihuaensis product_tag-cyca product_tag-cyca-resistente-al-frio product_tag-cycadaceas product_tag-cycas-de-coleccion product_tag-cycas-en-la-bretana product_tag-cycas-en-pays-de-loire product_tag-exotica product_tag-maceta product_tag-plantas-de-coleccion product_tag-plantas-en-maceta product_tag-plantas-exoticas-para-climas-frios has-post-thumbnail taxable shipping-taxable purchasable product-type-simple\">\r\n<div class=\"product-inner\">\r\n\t\r\n\t<div class=\"product-image\">\r\n\r\n\t\t<a  href=\"https:\/\/yucca-palm.com\/fr\/produit\/cyca-panzhihuaensis\/\" aria-label=\"produit\">\r\n\t\t\t<div class=\"stock out-of-stock\" data-no-translation=\"\" data-trp-gettext=\"\">Rupture de stock<\/div><div class=\"inner img-effect\"><img decoding=\"async\" width=\"800\" height=\"1141\" src=\"https:\/\/yucca-palm.com\/wp-content\/uploads\/2024\/11\/CYCA-PANZHIG-scaled-800x1141.jpg\" class=\"wp-post-image\" alt=\"\" srcset=\"https:\/\/yucca-palm.com\/wp-content\/uploads\/2024\/11\/CYCA-PANZHIG-scaled-800x1141.jpg 800w, https:\/\/yucca-palm.com\/wp-content\/uploads\/2024\/11\/CYCA-PANZHIG-718x1024.jpg 718w, https:\/\/yucca-palm.com\/wp-content\/uploads\/2024\/11\/CYCA-PANZHIG-768x1095.jpg 768w, https:\/\/yucca-palm.com\/wp-content\/uploads\/2024\/11\/CYCA-PANZHIG-640x913.jpg 640w, https:\/\/yucca-palm.com\/wp-content\/uploads\/2024\/11\/CYCA-PANZHIG-400x570.jpg 400w, https:\/\/yucca-palm.com\/wp-content\/uploads\/2024\/11\/CYCA-PANZHIG-367x523.jpg 367w\" sizes=\"(max-width: 800px) 100vw, 800px\" \/><img loading=\"lazy\" decoding=\"async\" width=\"292\" height=\"241\" src=\"https:\/\/yucca-palm.com\/wp-content\/uploads\/2024\/11\/CYCA-PHANZIGHUAENSIS.jpeg\" class=\"hover-image\" alt=\"\" \/><\/div>\t\t<\/a>\r\n\t\t\t<div class=\"links-on-image\">\r\n\t\t\t<div class=\"add-links-wrap\">\r\n\t<div class=\"add-links clearfix\">\r\n\t\t<a href=\"https:\/\/yucca-palm.com\/fr\/produit\/cyca-panzhihuaensis\/\" data-quantity=\"1\" class=\"viewcart-style-3 button product_type_simple add_to_cart_read_more\" data-product_id=\"1055\" data-product_sku=\"\" aria-label=\"En savoir plus sur \u201cCYCA PANZHIHUAENSIS - 15L - 15 CM CAUDEX\u201d\" rel=\"nofollow\" data-success_message=\"\" data-no-translation=\"\" data-trp-gettext=\"\" data-no-translation-aria-label=\"\">Lire la suite<\/a><div class=\"quickview\" data-id=\"1055\" title=\"Aper\u00e7u rapide\">Aper\u00e7u rapide<\/div>\t<\/div>\r\n\t<\/div>\r\n\t\t<\/div>\r\n\t\t\t<\/div>\r\n\r\n\t<div class=\"product-content\">\r\n\t\t<span class=\"category-list\"><a href=\"https:\/\/yucca-palm.com\/fr\/categorie-produit\/cyca-panzhihuaensis\/\" rel=\"tag\">CYCA PANZHIHUAENSIS<\/a><\/span>\r\n\t\t\t<a class=\"product-loop-title\"  href=\"https:\/\/yucca-palm.com\/fr\/produit\/cyca-panzhihuaensis\/\">\r\n\t<h3 class=\"woocommerce-loop-product__title\">CYCA PANZHIHUAENSIS - 15L - 15 CM CAUDEX<\/h3>\t<\/a>\r\n\t\r\n\t\t\r\n\r\n<div class=\"rating-wrap\">\r\n\t<div class=\"rating-content\"><div class=\"star-rating\" title=\"0\"><span style=\"width:0%\"><strong class=\"rating\">0<\/strong> sur 5<\/span><\/div><\/div>\r\n<\/div>\r\n\r\n\n\t<span class=\"price\"><span class=\"price\"><span class=\"woocommerce-Price-amount amount\"><bdi>90,00&nbsp;<span class=\"woocommerce-Price-currencySymbol\">\u20ac<\/span><\/bdi><\/span> <small class=\"tax_label\" data-no-translation=\"\" data-trp-gettext=\"\">IVA incluido<\/small><\/span><\/span>\n\r\n\t\t\t<\/div>\r\n<\/div>\r\n<\/li>\r\n\r\n<li class=\"product-col product-awq_onimage product type-product post-1062 status-publish last instock product_cat-agave has-post-thumbnail taxable shipping-taxable purchasable product-type-simple\">\r\n<div class=\"product-inner\">\r\n\t\r\n\t<div class=\"product-image\">\r\n\r\n\t\t<a  href=\"https:\/\/yucca-palm.com\/fr\/produit\/agave-parryi\/\" aria-label=\"produit\">\r\n\t\t\t<div class=\"inner\"><img loading=\"lazy\" decoding=\"async\" width=\"800\" height=\"1067\" src=\"https:\/\/yucca-palm.com\/wp-content\/uploads\/2024\/12\/AGAVE-PARRYI-NEO.-VAR-800x1067.png\" class=\"wp-post-image\" alt=\"\" srcset=\"https:\/\/yucca-palm.com\/wp-content\/uploads\/2024\/12\/AGAVE-PARRYI-NEO.-VAR-800x1067.png 800w, https:\/\/yucca-palm.com\/wp-content\/uploads\/2024\/12\/AGAVE-PARRYI-NEO.-VAR-768x1024.png 768w, https:\/\/yucca-palm.com\/wp-content\/uploads\/2024\/12\/AGAVE-PARRYI-NEO.-VAR-640x853.png 640w, https:\/\/yucca-palm.com\/wp-content\/uploads\/2024\/12\/AGAVE-PARRYI-NEO.-VAR-400x533.png 400w, https:\/\/yucca-palm.com\/wp-content\/uploads\/2024\/12\/AGAVE-PARRYI-NEO.-VAR-367x489.png 367w\" sizes=\"(max-width: 800px) 100vw, 800px\" \/><\/div>\t\t<\/a>\r\n\t\t\t<div class=\"links-on-image\">\r\n\t\t\t<div class=\"add-links-wrap\">\r\n\t<div class=\"add-links clearfix\">\r\n\t\t<a href=\"\/fr\/wp-json\/wp\/v2\/pages\/458?add-to-cart=1062\" data-quantity=\"1\" class=\"viewcart-style-3 button product_type_simple add_to_cart_button ajax_add_to_cart\" data-product_id=\"1062\" data-product_sku=\"\" aria-label=\"Ajouter au panier\u00a0: \u201cAGAVE PARRYI NEOMEXICANA VARIEGATA CONTENEDOR 24CM \u00d8 10L DIAMETRO 30 CM\u201d\" rel=\"nofollow\" data-success_message=\"\u00ab\u00a0AGAVE PARRYI NEOMEXICANA VARIEGATA CONTENEDOR 24CM \u00d8 10L DIAMETRO 30 CM\u00a0\u00bb a \u00e9t\u00e9 ajout\u00e9 \u00e0 votre panier\" data-no-translation=\"\" data-trp-gettext=\"\" data-no-translation-aria-label=\"\" data-no-translation-data-success_message=\"\">Ajouter au panier<\/a><div class=\"quickview\" data-id=\"1062\" title=\"Aper\u00e7u rapide\">Aper\u00e7u rapide<\/div>\t<\/div>\r\n\t<\/div>\r\n\t\t<\/div>\r\n\t\t\t<\/div>\r\n\r\n\t<div class=\"product-content\">\r\n\t\t<span class=\"category-list\"><a href=\"https:\/\/yucca-palm.com\/fr\/categorie-produit\/agave\/\" rel=\"tag\">AGAVE<\/a><\/span>\r\n\t\t\t<a class=\"product-loop-title\"  href=\"https:\/\/yucca-palm.com\/fr\/produit\/agave-parryi\/\">\r\n\t<h3 class=\"woocommerce-loop-product__title\">AGAVE PARRYI NEOMEXICANA VARIEGATA CONTENEUR 24CM \u00d8 10L DIAM\u00c8TRE 30 CM<\/h3>\t<\/a>\r\n\t\r\n\t\t\r\n\r\n<div class=\"rating-wrap\">\r\n\t<div class=\"rating-content\"><div class=\"star-rating\" title=\"0\"><span style=\"width:0%\"><strong class=\"rating\">0<\/strong> sur 5<\/span><\/div><\/div>\r\n<\/div>\r\n\r\n\n\t<span class=\"price\"><span class=\"woocommerce-Price-amount amount\"><bdi>70,00&nbsp;<span class=\"woocommerce-Price-currencySymbol\">\u20ac<\/span><\/bdi><\/span> <small class=\"woocommerce-price-suffix\">TVA incluse<\/small><\/span>\n\r\n\t\t\t<\/div>\r\n<\/div>\r\n<\/li>\r\n<\/ul>\r\n<div class=\"shop-loop-after clearfix is-shortcode\"><nav class=\"woocommerce-pagination\">\t<form class=\"woocommerce-viewing\" method=\"get\" action=\"\">\r\n\r\n\t\t<label>Afficher: <\/label>\r\n\r\n\t\t<select name=\"count\" class=\"count\">\r\n\t\t\t\t\t\t\t\t\t<option value=\"12\"  selected='selected'>12<\/option>\r\n\t\t\t\t\t\t\t<option value=\"24\" >24<\/option>\r\n\t\t\t\t\t\t\t<option value=\"36\" >36<\/option>\r\n\t\t\t\t\t<\/select>\r\n\r\n\t\t<input type=\"hidden\" name=\"paged\" value=\"\"\/>\r\n\r\n\t\t\t<input type=\"hidden\" name=\"trp-form-language\" value=\"fr\"\/><\/form>\r\n<ul class='page-numbers'>\n\t<li><span aria-label=\"Page 1\" aria-current=\"page\" class=\"page-numbers current\" data-no-translation-aria-label=\"\">1<\/span><\/li>\n\t<li><a aria-label=\"Page 2\" class=\"page-numbers\" href=\"\/fr\/wp-json\/wp\/v2\/pages\/458?product-page=2\" data-no-translation-aria-label=\"\">2<\/a><\/li>\n\t<li><a aria-label=\"Page 3\" class=\"page-numbers\" href=\"\/fr\/wp-json\/wp\/v2\/pages\/458?product-page=3\" data-no-translation-aria-label=\"\">3<\/a><\/li>\n\t<li><span class=\"page-numbers dots\">\u2026<\/span><\/li>\n\t<li><a aria-label=\"Page 6\" class=\"page-numbers\" href=\"\/fr\/wp-json\/wp\/v2\/pages\/458?product-page=6\" data-no-translation-aria-label=\"\">6<\/a><\/li>\n\t<li><a aria-label=\"Page 7\" class=\"page-numbers\" href=\"\/fr\/wp-json\/wp\/v2\/pages\/458?product-page=7\" data-no-translation-aria-label=\"\">7<\/a><\/li>\n\t<li><a aria-label=\"Page 8\" class=\"page-numbers\" href=\"\/fr\/wp-json\/wp\/v2\/pages\/458?product-page=8\" data-no-translation-aria-label=\"\">8<\/a><\/li>\n\t<li><a class=\"next page-numbers\" href=\"\/fr\/wp-json\/wp\/v2\/pages\/458?product-page=2\"><\/a><\/li>\n<\/ul>\n<\/nav>\r\n<\/div><\/div>\t\t\t\t<\/div>\n\t\t\t\t<\/div>\n\t\t\t\t\t<\/div>\n\t\t<\/div>\n\t\t\t\t\t<\/div>\n\t\t<\/section>\n\t\t\t\t<\/div>","protected":false},"excerpt":{"rendered":"<p>LANDSCAPING Nuestra producci\u00f3n est\u00e1 orientada a la jardiner\u00eda. Incluso en la selecci\u00f3n de plantas de colecci\u00f3n, prima el concepto paisaj\u00edstico. La belleza del ejemplar, su adaptaci\u00f3n al ambiente existente y su comportamiento en cada clima es para nosotros m\u00e1s importante que su nombre bot\u00e1nico. Polinizamos a mano, germinamos y cultivamos muchas de las especies de [&hellip;]<\/p>\n","protected":false},"author":3,"featured_media":0,"parent":0,"menu_order":0,"comment_status":"closed","ping_status":"closed","template":"","meta":{"footnotes":""},"class_list":["post-458","page","type-page","status-publish","hentry"],"_links":{"self":[{"href":"https:\/\/yucca-palm.com\/fr\/wp-json\/wp\/v2\/pages\/458","targetHints":{"allow":["GET"]}}],"collection":[{"href":"https:\/\/yucca-palm.com\/fr\/wp-json\/wp\/v2\/pages"}],"about":[{"href":"https:\/\/yucca-palm.com\/fr\/wp-json\/wp\/v2\/types\/page"}],"author":[{"embeddable":true,"href":"https:\/\/yucca-palm.com\/fr\/wp-json\/wp\/v2\/users\/3"}],"replies":[{"embeddable":true,"href":"https:\/\/yucca-palm.com\/fr\/wp-json\/wp\/v2\/comments?post=458"}],"version-history":[{"count":59,"href":"https:\/\/yucca-palm.com\/fr\/wp-json\/wp\/v2\/pages\/458\/revisions"}],"predecessor-version":[{"id":1299,"href":"https:\/\/yucca-palm.com\/fr\/wp-json\/wp\/v2\/pages\/458\/revisions\/1299"}],"wp:attachment":[{"href":"https:\/\/yucca-palm.com\/fr\/wp-json\/wp\/v2\/media?parent=458"}],"curies":[{"name":"wp","href":"https:\/\/api.w.org\/{rel}","templated":true}]}}