{"id":1038,"date":"2024-11-18T14:55:23","date_gmt":"2024-11-18T13:55:23","guid":{"rendered":"https:\/\/yucca-palm.com\/aviso-legal-copy\/"},"modified":"2024-11-19T22:34:14","modified_gmt":"2024-11-19T21:34:14","slug":"aviso-legal","status":"publish","type":"page","link":"https:\/\/yucca-palm.com\/fr\/avis-juridique\/","title":{"rendered":"Avis juridique"},"content":{"rendered":"<h1><strong>Avis juridique<\/strong><\/h1>\n<p><strong>\u00a0<\/strong><\/p>\n<p>Le pr\u00e9sent avis juridique r\u00e9git l'acc\u00e8s, la navigation et l'utilisation du site web : www.yucca-palm.com (ci-apr\u00e8s, le \"site web\").<\/p>\n<p><strong>AGRICOLA MAURO SL <\/strong>en tant que responsable du site web, ci-apr\u00e8s d\u00e9nomm\u00e9 RESPONSABLE, met \u00e0 la disposition des utilisateurs le pr\u00e9sent document, avec lequel elle entend respecter les obligations pr\u00e9vues par la loi 34\/2002, du 11 juillet, sur les services de la soci\u00e9t\u00e9 de l'information et le commerce \u00e9lectronique (LSSICE), BOE n\u00ba 166, ainsi qu'informer tous les utilisateurs du site web des conditions d'utilisation.<\/p>\n<p>Toute personne acc\u00e9dant \u00e0 ce site web assume le r\u00f4le d'utilisateur et s'engage \u00e0 observer et \u00e0 respecter scrupuleusement les dispositions du pr\u00e9sent document, ainsi que toute autre disposition l\u00e9gale applicable.<\/p>\n<p><strong>AGRICOLA MAURO<\/strong>\u00a0se r\u00e9serve le droit de modifier tout type d'information pouvant figurer sur le site web, sans obligation de pr\u00e9avis ni d'information des utilisateurs, avec publication sur le site web par\u00a0<strong>AGRICOLA MAURO SL<\/strong><\/p>\n<p>Ce Site int\u00e8gre les obligations requises par la LSSICE susmentionn\u00e9e, le R\u00e8glement (UE) 2016\/679 (ci-apr\u00e8s, RGPD), la Loi organique 3\/2018, du 5 d\u00e9cembre, sur la protection des donn\u00e9es \u00e0 caract\u00e8re personnel et la garantie des droits num\u00e9riques (ci-apr\u00e8s, LOPDGDD), ainsi que la r\u00e9glementation sur la publicit\u00e9 des m\u00e9dicaments aupr\u00e8s du public.<\/p>\n<ol>\n<li><strong>INFORMATIONS SUR LE TITULAIRE<\/strong><\/li>\n<\/ol>\n<p>Conform\u00e9ment au devoir d'information pr\u00e9vu par l'article 10 de la loi 34\/2002, du 11 juillet, sur les services de la soci\u00e9t\u00e9 de l'information et le commerce \u00e9lectronique, nous indiquons ci-dessous les coordonn\u00e9es du propri\u00e9taire du site Web :<\/p>\n<ul>\n<li>Nom de domaine : www.yucca-palm.com<\/li>\n<li>Nom commercial : Yucca-Palm<\/li>\n<li>Nom de l'entreprise : AGRICOLA MAURO SL<\/li>\n<li>NUM\u00c9RO DE TVA : B54607072<\/li>\n<li>Si\u00e8ge social : Calle ALFEREZ DIAZ SANCHIS N\u00ba 85 ATICO F 03339 ALICANTE<\/li>\n<li>Courriel : yuccapalm7@gmail.com<\/li>\n<li>Inscrit au registre du commerce : Registro Mercantil de Alicante Tomo 3575, Libro 0, Folio 81, Hoja : A-128227 Inscripci\u00f3n : 6<\/li>\n<\/ul>\n<p>&nbsp;<\/p>\n<ol start=\"2\">\n<li><strong>CONDITIONS D'UTILISATION DU SITE WEB<\/strong><\/li>\n<\/ol>\n<p>Le site web peut donner acc\u00e8s \u00e0 une multitude de textes, de graphiques, de dessins, de codes, de logiciels, d'images, d'expressions et d'informations (ci-apr\u00e8s d\u00e9nomm\u00e9s \"contenu\") appartenant \u00e0\u00a0<strong>AGRICOLA MAURO SL <\/strong>ou des tiers auxquels l'utilisateur peut avoir acc\u00e8s.<\/p>\n<p>L'utilisateur assume la responsabilit\u00e9 de l'utilisation du site web. Cette responsabilit\u00e9 s'\u00e9tend \u00e0 l'inscription qui, le cas \u00e9ch\u00e9ant, est n\u00e9cessaire pour acc\u00e9der aux contenus et aux services offerts par le site web. L'Utilisateur s'engage \u00e0 faire un usage appropri\u00e9 des Contenus offerts par le Site Internet et, \u00e0 titre d'exemple mais non limitatif, il est interdit de (i) l'utilisation du site web ou de l'un de ses services et\/ou contenus \u00e0 des fins ou effets illicites, contraires \u00e0 la bonne foi, \u00e0 l'ordre public ou \u00e0 ce qui est \u00e9tabli dans les conditions de ce site web ; (ii) toute utilisation pr\u00e9judiciable aux droits ou aux int\u00e9r\u00eats de tiers ou qui, de quelque mani\u00e8re que ce soit, entrave l'utilisation normale du site web et\/ou de ses services par d'autres utilisateurs ou cause des dommages aux syst\u00e8mes physiques et logiques du propri\u00e9taire du site web ou de tiers ; (iii) l'introduction ou la diffusion de virus informatiques ou de tout autre syst\u00e8me physique ou logique susceptible de causer les dommages susmentionn\u00e9s.<\/p>\n<p><strong>YUCCA-PALM<\/strong>\u00a0a le droit d'enqu\u00eater et de signaler tout comportement de ce type conform\u00e9ment \u00e0 la loi et de coop\u00e9rer avec les autorit\u00e9s dans le cadre de l'enqu\u00eate sur ce type de comportement.<\/p>\n<p>&nbsp;<\/p>\n<ol start=\"3\">\n<li><strong>DROITS DE PROPRI\u00c9T\u00c9 INTELLECTUELLE ET INDUSTRIELLE<\/strong><\/li>\n<\/ol>\n<p>Le site Web, y compris, mais sans s'y limiter, sa programmation, son \u00e9dition, sa compilation et les autres \u00e9l\u00e9ments n\u00e9cessaires \u00e0 son fonctionnement, les dessins, les logos, les textes et\/ou les graphiques, sont la propri\u00e9t\u00e9 du RESPONSABLE ou, le cas \u00e9ch\u00e9ant, font l'objet d'une licence ou d'une autorisation expresse de la part des auteurs. Tous les contenus du site Web sont d\u00fbment prot\u00e9g\u00e9s par la r\u00e9glementation en mati\u00e8re de propri\u00e9t\u00e9 intellectuelle et industrielle, et inscrits dans les registres publics correspondants.<\/p>\n<p>Quelle que soit la finalit\u00e9 poursuivie, la reproduction, l'utilisation, l'exploitation, la distribution et la commercialisation, totales ou partielles, n\u00e9cessitent dans tous les cas l'autorisation \u00e9crite pr\u00e9alable du RESPONSABLE. Toute utilisation non autoris\u00e9e est consid\u00e9r\u00e9e comme une violation grave des droits de propri\u00e9t\u00e9 intellectuelle ou industrielle de l'auteur.<\/p>\n<p>Les dessins, logos, textes et\/ou graphiques qui n'appartiennent pas au RESPONSABLE et qui peuvent appara\u00eetre sur le site web appartiennent \u00e0 leurs propri\u00e9taires respectifs, qui sont eux-m\u00eames responsables de toute controverse \u00e9ventuelle \u00e0 leur sujet. Le RESPONSABLE autorise express\u00e9ment les tiers \u00e0 rediriger directement vers les contenus sp\u00e9cifiques du site web, et dans tous les cas \u00e0 rediriger vers le site web principal www.yucca-palm.com.<\/p>\n<p>Le RESPONSABLE reconna\u00eet les droits de propri\u00e9t\u00e9 intellectuelle et industrielle correspondants en faveur de leurs propri\u00e9taires, et leur simple mention ou apparition sur le site Web n'implique pas l'existence de droits ou de responsabilit\u00e9s quelconques \u00e0 leur \u00e9gard, ni leur approbation, leur parrainage ou leur recommandation.<\/p>\n<p>Pour faire des commentaires sur d'\u00e9ventuelles violations des droits de propri\u00e9t\u00e9 intellectuelle ou industrielle, ainsi que sur n'importe quel contenu du site Web, vous pouvez envoyer un courrier \u00e9lectronique \u00e0 yuccapalm7@gmail.com.<\/p>\n<p>&nbsp;<\/p>\n<ol start=\"4\">\n<li><strong>EXON\u00c9RATION DE RESPONSABILIT\u00c9<\/strong><\/li>\n<\/ol>\n<p>Le RESPONSABLE d\u00e9cline toute responsabilit\u00e9 pour les informations publi\u00e9es sur son site web si ces informations ont \u00e9t\u00e9 manipul\u00e9es ou introduites par un tiers ext\u00e9rieur \u00e0 celui-ci.<\/p>\n<p><strong><u>Utilisation des cookies<\/u><\/strong><\/p>\n<p>Ce site web peut utiliser des cookies techniques (petits fichiers d'information que le serveur envoie \u00e0 l'ordinateur de la personne qui acc\u00e8de \u00e0 la page) pour ex\u00e9cuter certaines fonctions consid\u00e9r\u00e9es comme essentielles au bon fonctionnement et \u00e0 la visualisation du site. Les cookies utilis\u00e9s sont, dans tous les cas, de nature temporaire, dans le seul but de rendre la navigation plus efficace, et disparaissent \u00e0 la fin de la session de l'utilisateur. En aucun cas ces cookies ne fournissent eux-m\u00eames des donn\u00e9es \u00e0 caract\u00e8re personnel et ils ne seront pas utilis\u00e9s pour collecter de telles donn\u00e9es.<\/p>\n<p>L'utilisation de cookies permet \u00e9galement au serveur o\u00f9 se trouve le site web de reconna\u00eetre le navigateur utilis\u00e9 par l'utilisateur afin de faciliter la navigation, en permettant, par exemple, aux utilisateurs qui se sont pr\u00e9alablement enregistr\u00e9s d'acc\u00e9der aux zones, services, promotions ou concours qui leur sont exclusivement r\u00e9serv\u00e9s sans avoir \u00e0 s'enregistrer \u00e0 chaque visite. Ils peuvent \u00e9galement \u00eatre utilis\u00e9s pour mesurer l'audience, les param\u00e8tres de trafic, contr\u00f4ler le d\u00e9roulement et le nombre d'inscriptions, etc. Ce site web n'installera pas de cookies dispensables sans le consentement pr\u00e9alable de l'utilisateur.<\/p>\n<p>L'utilisateur a la possibilit\u00e9 de configurer son navigateur pour \u00eatre alert\u00e9 de la r\u00e9ception de cookies et pour emp\u00eacher leur installation sur son ordinateur. Veuillez consulter les instructions de votre navigateur pour plus d'informations.<\/p>\n<p><strong><u>Politique de liaison<\/u><\/strong><\/p>\n<p>Depuis le site web, vous pouvez \u00eatre redirig\u00e9 vers des contenus de sites web de tiers. \u00c9tant donn\u00e9 que le RESPONSABLE ne peut pas toujours contr\u00f4ler les contenus introduits par des tiers sur leurs sites web respectifs, il n'assume aucun type de responsabilit\u00e9 \u00e0 l'\u00e9gard desdits contenus. En tout \u00e9tat de cause, il proc\u00e9dera au retrait imm\u00e9diat de tout contenu susceptible de contrevenir \u00e0 la l\u00e9gislation nationale ou internationale, \u00e0 la morale ou \u00e0 l'ordre public, en proc\u00e9dant au retrait imm\u00e9diat de la redirection vers ledit site web, en informant les autorit\u00e9s comp\u00e9tentes du contenu en question.<\/p>\n<p>Le RESPONSABLE n'est pas responsable des informations et des contenus stock\u00e9s, y compris, mais sans s'y limiter, dans les forums, les chats, les g\u00e9n\u00e9rateurs de blogs, les commentaires, les r\u00e9seaux sociaux ou tout autre support permettant \u00e0 des tiers de publier des contenus de mani\u00e8re ind\u00e9pendante sur le site web du RESPONSABLE. Toutefois, et conform\u00e9ment aux dispositions des articles 11 et 16 de la LSSICE, il se met \u00e0 la disposition de tous les utilisateurs, autorit\u00e9s et forces de s\u00e9curit\u00e9, en collaborant activement au retrait ou, le cas \u00e9ch\u00e9ant, au blocage de tous les contenus susceptibles d'affecter ou de contrevenir \u00e0 la l\u00e9gislation nationale ou internationale, aux droits des tiers ou \u00e0 la morale et \u00e0 l'ordre public. Si l'utilisateur consid\u00e8re qu'il existe sur le site un contenu susceptible d'\u00eatre class\u00e9 dans cette cat\u00e9gorie, il est pri\u00e9 d'en informer imm\u00e9diatement l'administrateur du site.<\/p>\n<p>Ce site web a \u00e9t\u00e9 contr\u00f4l\u00e9 et test\u00e9 afin de garantir son bon fonctionnement. En principe, son bon fonctionnement peut \u00eatre garanti 365 jours par an et 24 heures par jour. Toutefois, le RESPONSABLE n'exclut pas la possibilit\u00e9 de certaines erreurs de programmation ou la survenance de cas de force majeure, de catastrophes naturelles, de gr\u00e8ves ou de circonstances similaires rendant impossible l'acc\u00e8s au site web.<\/p>\n<p><strong><u>Adresses IP<\/u><\/strong><\/p>\n<p>Les serveurs du site web peuvent d\u00e9tecter automatiquement l'adresse IP et le nom de domaine utilis\u00e9s par l'utilisateur. L'adresse IP est un num\u00e9ro attribu\u00e9 automatiquement \u00e0 un ordinateur lorsqu'il se connecte \u00e0 Internet. Toutes ces informations sont enregistr\u00e9es dans un fichier d'activit\u00e9 du serveur d\u00fbment enregistr\u00e9 qui permet le traitement ult\u00e9rieur des donn\u00e9es afin d'obtenir des mesures purement statistiques permettant de conna\u00eetre le nombre d'impressions de pages, le nombre de visites effectu\u00e9es sur les serveurs web, l'ordre des visites, le point d'acc\u00e8s, etc.<\/p>\n<p>&nbsp;<\/p>\n<ol start=\"5\">\n<li><strong>NOTIFICATIONS<\/strong><\/li>\n<\/ol>\n<p>Toutes les notifications ou communications faites par les utilisateurs \u00e0 YUCCA-PALM seront consid\u00e9r\u00e9es comme effectives, \u00e0 toutes fins utiles, lorsqu'elles seront adress\u00e9es au d\u00e9partement du service client\u00e8le de l'une des mani\u00e8res suivantes :<\/p>\n<ul>\n<li>Par courrier \u00e0 l'adresse suivante : Calle ALFEREZ DIAZ SANCHIS N\u00ba 85 ATICO F 03339 ALICANTE<\/li>\n<li>En envoyant un courriel \u00e0 votre adresse \u00e9lectronique : <a href=\"mailto:yuccapalm7@gmail.com\">yuccapalm7@gmail.com<\/a><\/li>\n<li>De m\u00eame, toutes les notifications faites par YUCCA-PALM \u00e0 l'utilisateur seront consid\u00e9r\u00e9es comme effectives, \u00e0 toutes fins utiles, lorsqu'elles seront faites de l'une des mani\u00e8res suivantes :\n<ul>\n<li>Par courrier \u00e0 l'adresse que l'utilisateur a pr\u00e9alablement communiqu\u00e9e \u00e0 la soci\u00e9t\u00e9.<\/li>\n<li>Par appel t\u00e9l\u00e9phonique, sms ou fax au num\u00e9ro que l'utilisateur a pr\u00e9alablement communiqu\u00e9 \u00e0 l'entreprise.<\/li>\n<li>En envoyant un courrier \u00e9lectronique \u00e0 l'adresse \u00e9lectronique que l'utilisateur a pr\u00e9alablement communiqu\u00e9e \u00e0 l'entreprise. Par cons\u00e9quent, pour que ces notifications puissent \u00eatre effectu\u00e9es, l'utilisateur doit d\u00e9clarer que toutes les donn\u00e9es qu'il a fournies sont vraies et \u00e0 jour, et s'engager \u00e0 notifier toute modification de celles-ci.<\/li>\n<\/ul>\n<\/li>\n<\/ul>\n<p><strong>\u00a0<\/strong><\/p>\n<ol start=\"6\">\n<li><strong>VIE PRIV\u00c9E ET PROTECTION DES DONN\u00c9ES<\/strong><\/li>\n<\/ol>\n<p>En acc\u00e9dant et en naviguant sur le site web, l'utilisateur accepte que\u00a0<strong>AGRICOLA MAURO SL <\/strong>en tant que responsable du traitement, collecte, traite et utilise les donn\u00e9es \u00e0 caract\u00e8re personnel auxquelles elle a acc\u00e8s du fait de son utilisation, ou que l'utilisateur lui fournit, conform\u00e9ment \u00e0 la politique de confidentialit\u00e9 et aux fins de la gestion du bon fonctionnement du site web.<\/p>\n<p>Il est recommand\u00e9 aux utilisateurs de lire attentivement le\u00a0<u>Politique de confidentialit\u00e9<\/u>\u00a0et le\u00a0<u>Politique en mati\u00e8re de cookies<\/u>\u00a0pour obtenir plus d'informations sur les donn\u00e9es personnelles collect\u00e9es et trait\u00e9es, ainsi que sur les finalit\u00e9s de ce traitement et les droits qui leur correspondent en tant qu'int\u00e9ress\u00e9s, et la mani\u00e8re dont ils peuvent les exercer, le cas \u00e9ch\u00e9ant.<\/p>\n<p>&nbsp;<\/p>\n<ol start=\"7\">\n<li><strong>DROIT APPLICABLE ET JURIDICTION<\/strong><\/li>\n<\/ol>\n<p>Pour la r\u00e9solution ou l'interpr\u00e9tation de tous les litiges ou questions li\u00e9s \u00e0 ce site Web, la loi espagnole s'applique. Les parties conviennent de soumettre tout litige relatif \u00e0 ce site Web ou aux conditions d'achat aux cours et tribunaux du domicile de l'utilisateur.<\/p>\n<p>En tant que Consommateur, nous vous informons que conform\u00e9ment \u00e0 l'Art. 14 du R\u00e8glement (UE) 524\/2013, la Commission europ\u00e9enne met \u00e0 disposition une plateforme d'acc\u00e8s gratuit pour la r\u00e9solution en ligne des conflits entre les Parties, sans qu'il soit n\u00e9cessaire de recourir aux tribunaux, gr\u00e2ce \u00e0 l'intervention d'un tiers, appel\u00e9 Organisme de R\u00e9solution des Conflits, qui agit en tant qu'interm\u00e9diaire entre les deux. Cet organe est neutre et dialogue avec les deux parties afin de parvenir \u00e0 un accord, et peut finalement sugg\u00e9rer et\/ou imposer une solution au conflit. Lien vers la plateforme ODR :\u00a0<a href=\"https:\/\/ec.europa.eu\/consumers\/odr\/main\/?event=main.home2.show\" target=\"_blank\" rel=\"noopener\">https:\/\/ec.europa.eu\/consumers\/odr\/main\/?event=main.home2.show<\/a><\/p>\n<p><strong>Date de mise \u00e0 jour<\/strong>DATE D'ENTR\u00c9E EN VIGUEUR : NOVEMBRE 2024<\/p>\n<p>&nbsp;<\/p>","protected":false},"excerpt":{"rendered":"<p>Aviso legal \u00a0 El presente Aviso Legal regula el acceso, navegaci\u00f3n y uso del presente sitio web: www.yucca-palm.com (en adelante, el \u201cSitio Web\u201d). AGRICOLA MAURO SL como responsable del Sitio Web, en adelante tambi\u00e9n RESPONSABLE, pone a disposici\u00f3n de los Usuarios el presente documento, con el que pretende dar cumplimiento a las obligaciones dispuestas en [&hellip;]<\/p>\n","protected":false},"author":4,"featured_media":0,"parent":0,"menu_order":0,"comment_status":"closed","ping_status":"closed","template":"","meta":{"footnotes":""},"class_list":["post-1038","page","type-page","status-publish","hentry"],"_links":{"self":[{"href":"https:\/\/yucca-palm.com\/fr\/wp-json\/wp\/v2\/pages\/1038","targetHints":{"allow":["GET"]}}],"collection":[{"href":"https:\/\/yucca-palm.com\/fr\/wp-json\/wp\/v2\/pages"}],"about":[{"href":"https:\/\/yucca-palm.com\/fr\/wp-json\/wp\/v2\/types\/page"}],"author":[{"embeddable":true,"href":"https:\/\/yucca-palm.com\/fr\/wp-json\/wp\/v2\/users\/4"}],"replies":[{"embeddable":true,"href":"https:\/\/yucca-palm.com\/fr\/wp-json\/wp\/v2\/comments?post=1038"}],"version-history":[{"count":4,"href":"https:\/\/yucca-palm.com\/fr\/wp-json\/wp\/v2\/pages\/1038\/revisions"}],"predecessor-version":[{"id":1048,"href":"https:\/\/yucca-palm.com\/fr\/wp-json\/wp\/v2\/pages\/1038\/revisions\/1048"}],"wp:attachment":[{"href":"https:\/\/yucca-palm.com\/fr\/wp-json\/wp\/v2\/media?parent=1038"}],"curies":[{"name":"wp","href":"https:\/\/api.w.org\/{rel}","templated":true}]}}