{"id":1036,"date":"2024-11-18T14:54:52","date_gmt":"2024-11-18T13:54:52","guid":{"rendered":"https:\/\/yucca-palm.com\/politica-de-cookies-copy\/"},"modified":"2024-11-19T22:34:41","modified_gmt":"2024-11-19T21:34:41","slug":"politica-de-cookies","status":"publish","type":"page","link":"https:\/\/yucca-palm.com\/fr\/politique-en-matiere-de-cookies\/","title":{"rendered":"Politique en mati\u00e8re de cookies"},"content":{"rendered":"<h1><strong>Politique en mati\u00e8re de cookies<\/strong><\/h1>\n<p><strong>INFORMATIONS SUR LES COOKIES<\/strong><\/p>\n<p>Les cookies et autres technologies similaires telles que les objets locaux partag\u00e9s, les cookies flash ou les pixels sont des outils utilis\u00e9s par les serveurs web pour stocker et r\u00e9cup\u00e9rer des informations sur leurs visiteurs et pour assurer le bon fonctionnement du site.<\/p>\n<p>L'utilisation de ces dispositifs permet au serveur web de m\u00e9moriser certaines donn\u00e9es concernant l'utilisateur, telles que ses pr\u00e9f\u00e9rences en mati\u00e8re de consultation des pages de ce serveur, son nom et son mot de passe, les produits qui l'int\u00e9ressent le plus, etc.<\/p>\n<p><strong>COOKIES CONCERN\u00c9S PAR LE R\u00c8GLEMENT ET COOKIES EXEMPT\u00c9S<\/strong><\/p>\n<p>Conform\u00e9ment \u00e0 la \"Ley de Servicios de la Sociedad de la Informaci\u00f3n\" (LSSICE) \u00e9tablie par le d\u00e9cret royal 13\/2012, il est obligatoire d'obtenir le consentement expr\u00e8s de l'utilisateur de tous les sites web qui utilisent des cookies dispensables, avant que l'utilisateur ne navigue sur ces sites.<\/p>\n<p>Selon la directive europ\u00e9enne, les cookies qui requi\u00e8rent le consentement \u00e9clair\u00e9 de l'utilisateur sont les cookies analytiques et les cookies publicitaires et d'affiliation, \u00e0 l'exception des cookies techniques et de ceux qui sont n\u00e9cessaires au fonctionnement du site web ou \u00e0 la fourniture de services express\u00e9ment demand\u00e9s par l'utilisateur.<\/p>\n<p>&nbsp;<\/p>\n<p><strong>TYPES DE COOKIES<\/strong><\/p>\n<p><strong>EN FONCTION DE L'OBJECTIF<\/strong><\/p>\n<ul>\n<li><strong>Cookies techniques et fonctionnels<\/strong>les cookies : ce sont ceux qui permettent \u00e0 l'utilisateur de naviguer sur un site web, une plateforme ou une application et d'utiliser les diff\u00e9rentes options ou services qui y sont propos\u00e9s.<\/li>\n<li><strong>Cookies analytiques<\/strong>cookies : ce sont ceux qui permettent au responsable de suivre et d'analyser le comportement des utilisateurs des sites web auxquels ils sont li\u00e9s. Les informations collect\u00e9es par ce type de cookies sont utilis\u00e9es pour mesurer l'activit\u00e9 des sites web, applications ou plateformes et pour l'\u00e9laboration de profils de navigation des utilisateurs de ces sites, applications et plateformes, afin d'introduire des am\u00e9liorations bas\u00e9es sur l'analyse des donn\u00e9es d'utilisation des utilisateurs du service.<\/li>\n<li><strong>Cookies publicitaires<\/strong>Il s'agit de ceux qui permettent de g\u00e9rer, de la mani\u00e8re la plus efficace possible, les espaces publicitaires que, le cas \u00e9ch\u00e9ant, l'\u00e9diteur a inclus sur un site web, une application ou une plateforme \u00e0 partir desquels le service demand\u00e9 est fourni, sur la base de crit\u00e8res tels que le contenu \u00e9dit\u00e9 ou la fr\u00e9quence \u00e0 laquelle les publicit\u00e9s sont affich\u00e9es.<\/li>\n<li><strong>Cookies de publicit\u00e9 comportementale<\/strong>collecter des informations sur les pr\u00e9f\u00e9rences et les choix personnels de l'utilisateur (retargeting) pour permettre la gestion, de la mani\u00e8re la plus efficace possible, des espaces publicitaires que, le cas \u00e9ch\u00e9ant, l'\u00e9diteur a inclus sur un site web, une application ou une plateforme \u00e0 partir desquels il fournit le service demand\u00e9.<\/li>\n<\/ul>\n<p>&nbsp;<\/p>\n<p><strong>EN FONCTION DE LA PROPRI\u00c9T\u00c9<\/strong><\/p>\n<ul>\n<li><strong>Ses propres biscuits<\/strong>sont celles qui sont envoy\u00e9es \u00e0 l'\u00e9quipement terminal de l'utilisateur \u00e0 partir d'un ordinateur ou d'un domaine g\u00e9r\u00e9 par l'\u00e9diteur lui-m\u00eame et \u00e0 partir duquel le service demand\u00e9 par l'utilisateur est fourni.<\/li>\n<li><strong>Cookies de tiers<\/strong>les cookies : ce sont ceux qui sont envoy\u00e9s \u00e0 l'\u00e9quipement terminal de l'utilisateur \u00e0 partir d'un ordinateur ou d'un domaine qui n'est pas g\u00e9r\u00e9 par l'\u00e9diteur, mais par une autre entit\u00e9 qui traite les donn\u00e9es obtenues par le biais des cookies.<\/li>\n<\/ul>\n<p><strong>EN FONCTION DE LA DUR\u00c9E DE CONSERVATION<\/strong><\/p>\n<ul>\n<li><strong>Cookies de session<\/strong>les cookies : il s'agit d'un type de cookie con\u00e7u pour collecter et stocker des donn\u00e9es lorsque l'utilisateur acc\u00e8de \u00e0 une page web.<\/li>\n<li><strong>Cookies persistants<\/strong>les cookies : il s'agit d'un type de cookie dans lequel les donn\u00e9es restent stock\u00e9es dans le terminal et peuvent \u00eatre consult\u00e9es et trait\u00e9es pendant une p\u00e9riode d\u00e9finie par le responsable du cookie, qui peut aller de quelques minutes \u00e0 plusieurs ann\u00e9es.<\/li>\n<\/ul>\n<p><strong>TRAITEMENT DES DONN\u00c9ES \u00c0 CARACT\u00c8RE PERSONNEL<\/strong><\/p>\n<p><strong>AGRICOLA MAURO SL <\/strong>est le\u00a0<strong>responsable du traitement des donn\u00e9es<\/strong>\u00a0des donn\u00e9es \u00e0 caract\u00e8re personnel de la personne concern\u00e9e et l'informe que ces donn\u00e9es seront trait\u00e9es conform\u00e9ment aux dispositions du r\u00e8glement (UE) 2016\/679 du 27 avril 2016 (GDPR) et que, par cons\u00e9quent, les informations de traitement suivantes lui sont fournies :<\/p>\n<p><strong>Objectifs du traitement<\/strong>comme sp\u00e9cifi\u00e9 dans la section sur les cookies utilis\u00e9s sur ce site web.<\/p>\n<p><strong>L\u00e9gitimation du traitement<\/strong>avec le consentement de la personne concern\u00e9e (article 6, paragraphe 1, point a), du RGPD).<\/p>\n<p><strong>Crit\u00e8res de conservation des donn\u00e9es<\/strong>comme sp\u00e9cifi\u00e9 dans la section sur les cookies utilis\u00e9s sur le site web.<\/p>\n<p><strong>Communication de donn\u00e9es<\/strong>Aucune donn\u00e9e ne sera communiqu\u00e9e \u00e0 des tiers, sauf dans le cas de cookies appartenant \u00e0 des tiers ou par obligation l\u00e9gale.<\/p>\n<p><strong>Droits des parties prenantes<\/strong>:<\/p>\n<p>- Droit de retirer son consentement \u00e0 tout moment.<\/p>\n<p>- Le droit d'acc\u00e8s, de rectification, de portabilit\u00e9 et d'effacement de vos donn\u00e9es et le droit de limiter ou de s'opposer \u00e0 leur traitement.<\/p>\n<p>- Le droit d'introduire une r\u00e9clamation aupr\u00e8s de l'autorit\u00e9 de contr\u00f4le (www.aepd.es) si vous estimez que le traitement n'est pas conforme \u00e0 la r\u00e9glementation en vigueur.<\/p>\n<p><strong>Coordonn\u00e9es pour l'exercice de vos droits<\/strong>:<\/p>\n<ul>\n<li><strong>AGRICOLA MAURO SL <\/strong>Si\u00e8ge social : Calle ALFEREZ DIAZ SANCHIS N\u00ba 85 ATICO F 03339 ALICANTE, ou \u00e0 l'adresse yuccapalm7@gmail.com<\/li>\n<\/ul>\n<p><strong>PRINCIPAUX COOKIES UTILIS\u00c9S SUR CE SITE<\/strong><\/p>\n<p>En savoir plus sur la d\u00e9sactivation des cookies de Google Analytics :<\/p>\n<p><a href=\"https:\/\/policies.google.com\/privacy?hl=es\" target=\"_blank\" rel=\"noopener\">R\u00e8gles de confidentialit\u00e9 de Google<\/a><\/p>\n<p><a href=\"https:\/\/support.google.com\/analytics\/answer\/181881?hl=es\" target=\"_blank\" rel=\"noopener\">D\u00e9sactivation de Google Analytics<\/a><\/p>\n<p>&nbsp;<\/p>\n<table width=\"100%\">\n<tbody>\n<tr>\n<td colspan=\"2\" width=\"100%\"><strong>COMMENT SUPPRIMER LES COOKIES DES NAVIGATEURS LES PLUS COURANTS<\/strong><\/td>\n<\/tr>\n<tr>\n<td width=\"31%\"><strong>Chrome<\/strong><\/td>\n<td width=\"68%\"><a href=\"http:\/\/support.google.com\/chrome\/answer\/95647?hl=es\" target=\"_blank\" rel=\"noopener\">http:\/\/support.google.com\/chrome\/answer\/95647?hl=es<\/a><\/td>\n<\/tr>\n<tr>\n<td width=\"31%\"><strong>Internet Explorer. Version 11<\/strong><\/td>\n<td width=\"68%\"><a href=\"https:\/\/support.microsoft.com\/es-es\/help\/278835\/how-to-delete-cookie-files-in-internet-explorer\" target=\"_blank\" rel=\"noopener\">https:\/\/support.microsoft.com\/es-es\/help\/278835\/how-to-delete-cookie-files-in-internet-explorer<\/a><\/td>\n<\/tr>\n<tr>\n<td width=\"31%\"><strong>Firefox. Version 65.0.1<\/strong><\/td>\n<td width=\"68%\"><a href=\"https:\/\/www.mozilla.org\/es-ES\/privacy\/websites\/#cookies\" target=\"_blank\" rel=\"noopener\">https:\/\/www.mozilla.org\/es-ES\/privacy\/websites\/#cookies<\/a><\/td>\n<\/tr>\n<tr>\n<td width=\"31%\"><strong>Safari version 5.1<\/strong><\/td>\n<td width=\"68%\"><a href=\"https:\/\/support.apple.com\/es-es\/guide\/safari\/sfri11471\/mac\" target=\"_blank\" rel=\"noopener\">https:\/\/support.apple.com\/es-es\/guide\/safari\/sfri11471\/mac<\/a><\/td>\n<\/tr>\n<tr>\n<td width=\"31%\"><strong>Op\u00e9ra<\/strong><\/td>\n<td width=\"68%\"><a href=\"https:\/\/help.opera.com\/en\/latest\/security-and-privacy\/#clearBrowsingData\" target=\"_blank\" rel=\"noopener\">https:\/\/help.opera.com\/en\/latest\/security-and-privacy\/#clearBrowsingData<\/a><\/td>\n<\/tr>\n<\/tbody>\n<\/table>\n<p><strong>\u00a0<\/strong><\/p>\n<p><strong>MODIFICATIONS DE LA POLITIQUE ET DE L'INFORMATION<\/strong><\/p>\n<p>Nous pouvons modifier la pr\u00e9sente politique en mati\u00e8re de cookies \u00e0 tout moment et nous indiquerons la date de sa derni\u00e8re mise \u00e0 jour. Si des changements importants sont intervenus, nous les mettrons en \u00e9vidence et essaierons, dans la mesure du possible, de vous en avertir directement.<\/p>\n<p>Si vous souhaitez en savoir plus sur l'utilisation des donn\u00e9es collect\u00e9es par les cookies de tiers, vous pouvez identifier les cookies plac\u00e9s par le biais des param\u00e8tres de confidentialit\u00e9 de votre navigateur ou des informations sur le site (voir la section d'aide de votre navigateur), puis visiter le site du tiers concern\u00e9 pour consulter sa politique de confidentialit\u00e9. Pour toute question concernant l'utilisation des cookies sur nos sites, veuillez nous contacter par courrier \u00e9lectronique ci-dessous :<\/p>\n<p>Yuccapalm7@gmail.com<\/p>\n<p>&nbsp;<\/p>\n<p><strong>Date de mise \u00e0 jour :<\/strong>\u00a0novembre 2024<\/p>\n<p>&nbsp;<\/p>","protected":false},"excerpt":{"rendered":"<p>Pol\u00edtica de cookies INFORMACI\u00d3N SOBRE COOKIES Las cookies y otras tecnolog\u00edas similares tales como local shared objects, flash cookies o p\u00edxeles, son herramientas empleadas por los servidores Web para almacenar y recuperar informaci\u00f3n acerca de sus visitantes, as\u00ed como para ofrecer un correcto funcionamiento del sitio. Mediante el uso de estos dispositivos se permite al [&hellip;]<\/p>\n","protected":false},"author":4,"featured_media":0,"parent":0,"menu_order":0,"comment_status":"closed","ping_status":"closed","template":"","meta":{"footnotes":""},"class_list":["post-1036","page","type-page","status-publish","hentry"],"_links":{"self":[{"href":"https:\/\/yucca-palm.com\/fr\/wp-json\/wp\/v2\/pages\/1036","targetHints":{"allow":["GET"]}}],"collection":[{"href":"https:\/\/yucca-palm.com\/fr\/wp-json\/wp\/v2\/pages"}],"about":[{"href":"https:\/\/yucca-palm.com\/fr\/wp-json\/wp\/v2\/types\/page"}],"author":[{"embeddable":true,"href":"https:\/\/yucca-palm.com\/fr\/wp-json\/wp\/v2\/users\/4"}],"replies":[{"embeddable":true,"href":"https:\/\/yucca-palm.com\/fr\/wp-json\/wp\/v2\/comments?post=1036"}],"version-history":[{"count":4,"href":"https:\/\/yucca-palm.com\/fr\/wp-json\/wp\/v2\/pages\/1036\/revisions"}],"predecessor-version":[{"id":1050,"href":"https:\/\/yucca-palm.com\/fr\/wp-json\/wp\/v2\/pages\/1036\/revisions\/1050"}],"wp:attachment":[{"href":"https:\/\/yucca-palm.com\/fr\/wp-json\/wp\/v2\/media?parent=1036"}],"curies":[{"name":"wp","href":"https:\/\/api.w.org\/{rel}","templated":true}]}}