{"id":750,"date":"2024-05-02T06:38:58","date_gmt":"2024-05-02T04:38:58","guid":{"rendered":"https:\/\/yucca-palm.com\/plantas-terraza\/butia-odorata-copy\/"},"modified":"2024-12-06T11:45:22","modified_gmt":"2024-12-06T10:45:22","slug":"butiagrus-nabonnandii","status":"publish","type":"page","link":"https:\/\/yucca-palm.com\/en\/terrace-plants\/butiagrus-nabonnandii\/","title":{"rendered":"BUTIAGRUS NABONNANDII"},"content":{"rendered":"<div data-elementor-type=\"wp-page\" data-elementor-id=\"750\" class=\"elementor elementor-750\" data-elementor-post-type=\"page\">\n\t\t\t\t\t\t<section data-particle_enable=\"false\" data-particle-mobile-disabled=\"false\" class=\"elementor-section elementor-top-section elementor-element elementor-element-f9a29c0 elementor-section-full_width elementor-section-height-min-height elementor-section-height-default elementor-section-items-middle\" data-id=\"f9a29c0\" data-element_type=\"section\" data-settings=\"{&quot;background_background&quot;:&quot;classic&quot;}\">\n\t\t\t\t\t\t<div class=\"elementor-container elementor-column-gap-default\">\n\t\t\t\t\t<div class=\"elementor-column elementor-col-100 elementor-top-column elementor-element elementor-element-246879a\" data-id=\"246879a\" data-element_type=\"column\">\n\t\t\t<div class=\"elementor-widget-wrap\">\n\t\t\t\t\t\t\t<\/div>\n\t\t<\/div>\n\t\t\t\t\t<\/div>\n\t\t<\/section>\n\t\t\t\t<section data-particle_enable=\"false\" data-particle-mobile-disabled=\"false\" class=\"elementor-section elementor-top-section elementor-element elementor-element-20fa456 elementor-section-boxed elementor-section-height-default elementor-section-height-default\" data-id=\"20fa456\" data-element_type=\"section\">\n\t\t\t\t\t\t<div class=\"elementor-container elementor-column-gap-default\">\n\t\t\t\t\t<div class=\"elementor-column elementor-col-100 elementor-top-column elementor-element elementor-element-3ec2a75\" data-id=\"3ec2a75\" data-element_type=\"column\">\n\t\t\t<div class=\"elementor-widget-wrap elementor-element-populated\">\n\t\t\t\t\t\t<div class=\"elementor-element elementor-element-6077acf elementor-widget elementor-widget-spacer\" data-id=\"6077acf\" data-element_type=\"widget\" data-widget_type=\"spacer.default\">\n\t\t\t\t<div class=\"elementor-widget-container\">\n\t\t\t\t\t\t\t<div class=\"elementor-spacer\">\n\t\t\t<div class=\"elementor-spacer-inner\"><\/div>\n\t\t<\/div>\n\t\t\t\t\t\t<\/div>\n\t\t\t\t<\/div>\n\t\t\t\t\t<\/div>\n\t\t<\/div>\n\t\t\t\t\t<\/div>\n\t\t<\/section>\n\t\t\t\t<section data-particle_enable=\"false\" data-particle-mobile-disabled=\"false\" class=\"elementor-section elementor-top-section elementor-element elementor-element-c7668f5 elementor-section-boxed elementor-section-height-default elementor-section-height-default\" data-id=\"c7668f5\" data-element_type=\"section\">\n\t\t\t\t\t\t<div class=\"elementor-container elementor-column-gap-default\">\n\t\t\t\t\t<div class=\"elementor-column elementor-col-100 elementor-top-column elementor-element elementor-element-7f46f96\" data-id=\"7f46f96\" data-element_type=\"column\">\n\t\t\t<div class=\"elementor-widget-wrap elementor-element-populated\">\n\t\t\t\t\t\t<div class=\"elementor-element elementor-element-15427f5 elementor-widget elementor-widget-heading\" data-id=\"15427f5\" data-element_type=\"widget\" data-widget_type=\"heading.default\">\n\t\t\t\t<div class=\"elementor-widget-container\">\n\t\t\t\t\t<h2 class=\"elementor-heading-title elementor-size-default\">Plants<\/h2>\t\t\t\t<\/div>\n\t\t\t\t<\/div>\n\t\t\t\t<div class=\"elementor-element elementor-element-8dbc4fc elementor-widget elementor-widget-heading\" data-id=\"8dbc4fc\" data-element_type=\"widget\" data-widget_type=\"heading.default\">\n\t\t\t\t<div class=\"elementor-widget-container\">\n\t\t\t\t\t<h1 class=\"elementor-heading-title elementor-size-default\">BUTIAGRUS NABONNANDII<\/h1>\t\t\t\t<\/div>\n\t\t\t\t<\/div>\n\t\t\t\t\t<\/div>\n\t\t<\/div>\n\t\t\t\t\t<\/div>\n\t\t<\/section>\n\t\t\t\t<section data-particle_enable=\"false\" data-particle-mobile-disabled=\"false\" class=\"elementor-section elementor-top-section elementor-element elementor-element-3cbb1fb elementor-section-boxed elementor-section-height-default elementor-section-height-default\" data-id=\"3cbb1fb\" data-element_type=\"section\">\n\t\t\t\t\t\t<div class=\"elementor-container elementor-column-gap-default\">\n\t\t\t\t\t<div class=\"elementor-column elementor-col-100 elementor-top-column elementor-element elementor-element-54040bb\" data-id=\"54040bb\" data-element_type=\"column\">\n\t\t\t<div class=\"elementor-widget-wrap elementor-element-populated\">\n\t\t\t\t\t\t<div class=\"elementor-element elementor-element-1a14f57 elementor-widget__width-initial elementor-widget elementor-widget-text-editor\" data-id=\"1a14f57\" data-element_type=\"widget\" data-widget_type=\"text-editor.default\">\n\t\t\t\t<div class=\"elementor-widget-container\">\n\t\t\t\t\t\t\t\t\t<p>The <strong>Butiagrus nabonnandii<\/strong> is a spontaneous hybrid discovered in Brazil, Uruguay and Argentina, where the genera <strong>Butia<\/strong> y <strong>Syagrus romanzoffiana<\/strong> coexist naturally. This hybrid stands out for its rapid growth, cold resistance and tropical appearance, making it the ideal alternative to the coconut tree in cold climates. Our most successful production. Hybrid with tropical appearance and high resistance to cold -11\u00baC. We personally pollinated this magnificent cross between Butia and Syagrus romanzzoffiana. The best choice for an exotic garden in cold areas. Faster growth than a Butia, better resistance to root and apex diseases. Tolerates heavier watering and assimilates nutrients better in heavy soils than any Syagrus.<\/p><h3>\u00a0<\/h3><h3><strong>Botanical Characteristics of Butiagrus nabonnandii<\/strong><\/h3><ul><li><strong>Robust and slender trunk:<\/strong> Thinner than Butia but more imposing than Syagrus.<\/li><li><strong>Arched leaves:<\/strong> They combine the elegance of Syagrus with the solidity of Butia.<\/li><li><strong>Cold resistance:<\/strong> Tolerates temperatures down to -10\u00b0C without protection.<\/li><li><strong>Exceptional vigour:<\/strong> It grows rapidly, even in poor, sandy soils.<\/li><\/ul><h3>\u00a0<\/h3><h3><strong>Advantages of the Butiagrus Hybrid<\/strong><\/h3><p>Thanks to its hybrid genome, Butiagrus outperforms its parents in several respects:<\/p><ol><li><strong>Tolerance to wet soils:<\/strong> Better adapted than Butia and Syagrus.<\/li><li><strong>Reduced micronutrient deficiencies:<\/strong> They thrive in difficult soils.<\/li><li><strong>Improved hygiene:<\/strong> The fruits of the first generation are usually non-viable, which makes it easier to clean the soil.<\/li><\/ol><p>The aim of Butiagrus cultivation is to combine the cold hardiness of Butia with the rapid growth and tropical appearance of Syagrus.<\/p><h3>\u00a0<\/h3><h3><strong>Nursery Production and Cultivation<\/strong><\/h3><p>We produce these hybrids by <strong>manual pollination<\/strong>a complex process that guarantees high quality results. We are grateful for the expertise of <strong>\u00c9mile Floirnue<\/strong>Our nurseries also grow other outstanding hybrids such as Our nurseries also grow other outstanding hybrids such as:<\/p><ul><li><strong>Jubutia<\/strong> (<em>Jubaea x Butia<\/em>)<\/li><li><strong>Jubutiagrus<\/strong> (<em>Jubaea x Butia x Syagrus<\/em>)<\/li><\/ul><p>The marketed palm groves have between <strong>4 and 6 years<\/strong>ensuring optimal robustness when reaching our customers.<\/p><h3>\u00a0<\/h3><h3><strong>Rigorous Selection of Mother Plants<\/strong><\/h3><p>We ensure a continuous selection of our mother plants. Specimens with growth problems, root diseases or deficiencies are eliminated from production, thus guaranteeing quality genetics.<\/p><h3>\u00a0<\/h3><h3><strong>Planting Recommendations<\/strong><\/h3><p>To ensure a good development of the Butiagrus:<\/p><ul><li><strong>Exhibition:<\/strong> Sunny.<\/li><li><strong>Drainage:<\/strong> Fundamental to avoid waterlogging.<\/li><li><strong>Spacing:<\/strong> Leave enough space for the wreath to unfold its full majesty.<\/li><\/ul><h3>\u00a0<\/h3><h3><strong>Complementary Hybridisations and Innovations<\/strong><\/h3><p>In parallel, we are experimenting with other fascinating hybridisations:<\/p><ul><li><strong>Yucca madrensis x Yucca rostrata<\/strong><\/li><li><strong>Aloe hybrids<\/strong><\/li><li><strong>Phoenix reclinata x Phoenix roebelenii<\/strong> (available soon)<\/li><\/ul><h3>\u00a0<\/h3><h3><strong>European Perspectives and Higher Quality<\/strong><\/h3><p>For years, the European supply depended on imports. However, palm trees grown locally in Spain have demonstrated improved robustness and healthy growth. Prior to their commercialisation in 2023, we conducted extensive tests that confirmed that locally grown specimens outperform their imported equivalents.<\/p><h3>\u00a0<\/h3><h3><strong>Conclusion<\/strong><\/h3><p>The <strong>Butiagrus nabonnandii<\/strong> is a palm hybrid with great potential, combining tropical aesthetics with cold resistance. It promises a bright future in European gardens.\u00a0<\/p><p>Thanks to these advanced hybridisation techniques and the emphasis on quality, we contribute to the enrichment of European landscapes with plants of great vigour and exceptional tropical beauty.<\/p>\t\t\t\t\t\t\t\t<\/div>\n\t\t\t\t<\/div>\n\t\t\t\t<div class=\"elementor-element elementor-element-3f6f13b elementor-widget elementor-widget-spacer\" data-id=\"3f6f13b\" data-element_type=\"widget\" data-widget_type=\"spacer.default\">\n\t\t\t\t<div class=\"elementor-widget-container\">\n\t\t\t\t\t\t\t<div class=\"elementor-spacer\">\n\t\t\t<div class=\"elementor-spacer-inner\"><\/div>\n\t\t<\/div>\n\t\t\t\t\t\t<\/div>\n\t\t\t\t<\/div>\n\t\t\t\t\t<\/div>\n\t\t<\/div>\n\t\t\t\t\t<\/div>\n\t\t<\/section>\n\t\t\t\t<section data-particle_enable=\"false\" data-particle-mobile-disabled=\"false\" class=\"elementor-section elementor-top-section elementor-element elementor-element-84a1c6d elementor-section-boxed elementor-section-height-default elementor-section-height-default\" data-id=\"84a1c6d\" data-element_type=\"section\">\n\t\t\t\t\t\t<div class=\"elementor-container elementor-column-gap-default\">\n\t\t\t\t\t<div class=\"elementor-column elementor-col-100 elementor-top-column elementor-element elementor-element-8d2798d\" data-id=\"8d2798d\" data-element_type=\"column\">\n\t\t\t<div class=\"elementor-widget-wrap elementor-element-populated\">\n\t\t\t\t\t\t<div class=\"elementor-element elementor-element-717922e elementor-widget elementor-widget-gallery\" data-id=\"717922e\" data-element_type=\"widget\" data-settings=\"{&quot;gallery_layout&quot;:&quot;masonry&quot;,&quot;columns&quot;:3,&quot;lazyload&quot;:&quot;yes&quot;,&quot;columns_tablet&quot;:2,&quot;columns_mobile&quot;:1,&quot;gap&quot;:{&quot;unit&quot;:&quot;px&quot;,&quot;size&quot;:10,&quot;sizes&quot;:[]},&quot;gap_tablet&quot;:{&quot;unit&quot;:&quot;px&quot;,&quot;size&quot;:10,&quot;sizes&quot;:[]},&quot;gap_mobile&quot;:{&quot;unit&quot;:&quot;px&quot;,&quot;size&quot;:10,&quot;sizes&quot;:[]},&quot;link_to&quot;:&quot;file&quot;,&quot;overlay_background&quot;:&quot;yes&quot;,&quot;content_hover_animation&quot;:&quot;fade-in&quot;}\" data-widget_type=\"gallery.default\">\n\t\t\t\t<div class=\"elementor-widget-container\">\n\t\t\t\t\t\t\t<div class=\"elementor-gallery__container\">\n\t\t\t\t\t\t\t<a class=\"e-gallery-item elementor-gallery-item elementor-animated-content\" href=\"https:\/\/yucca-palm.com\/wp-content\/uploads\/2024\/07\/BUTIAGRUS-NABONNANDII.jpg\" data-elementor-open-lightbox=\"yes\" data-elementor-lightbox-slideshow=\"717922e\" data-elementor-lightbox-title=\"BUTIAGRUS NABONNANDII\" data-e-action-hash=\"#elementor-action%3Aaction%3Dlightbox%26settings%3DeyJpZCI6NzUzLCJ1cmwiOiJodHRwczpcL1wveXVjY2EtcGFsbS5jb21cL3dwLWNvbnRlbnRcL3VwbG9hZHNcLzIwMjRcLzA3XC9CVVRJQUdSVVMtTkFCT05OQU5ESUkuanBnIiwic2xpZGVzaG93IjoiNzE3OTIyZSJ9\">\n\t\t\t\t\t<div class=\"e-gallery-image elementor-gallery-item__image\" data-thumbnail=\"https:\/\/yucca-palm.com\/wp-content\/uploads\/2024\/07\/BUTIAGRUS-NABONNANDII.jpg\" data-width=\"816\" data-height=\"1147\" aria-label=\"\" role=\"img\" ><\/div>\n\t\t\t\t\t\t\t\t\t\t\t<div class=\"elementor-gallery-item__overlay\"><\/div>\n\t\t\t\t\t\t\t\t\t\t\t\t\t\t<\/a>\n\t\t\t\t\t<\/div>\n\t\t\t\t\t<\/div>\n\t\t\t\t<\/div>\n\t\t\t\t\t<\/div>\n\t\t<\/div>\n\t\t\t\t\t<\/div>\n\t\t<\/section>\n\t\t\t\t<\/div>","protected":false},"excerpt":{"rendered":"<p>Plantas BUTIAGRUS NABONNANDII El Butiagrus nabonnandii es un h\u00edbrido espont\u00e1neo descubierto en Brasil, Uruguay y Argentina, donde los g\u00e9neros Butia y Syagrus romanzoffiana coexisten de forma natural. Este h\u00edbrido se destaca por su rapidez de crecimiento, resistencia al fr\u00edo y aspecto tropical, lo que lo convierte en la alternativa ideal al cocotero en climas fr\u00edos. [&hellip;]<\/p>\n","protected":false},"author":3,"featured_media":0,"parent":14,"menu_order":0,"comment_status":"closed","ping_status":"closed","template":"","meta":{"footnotes":""},"class_list":["post-750","page","type-page","status-publish","hentry"],"_links":{"self":[{"href":"https:\/\/yucca-palm.com\/en\/wp-json\/wp\/v2\/pages\/750","targetHints":{"allow":["GET"]}}],"collection":[{"href":"https:\/\/yucca-palm.com\/en\/wp-json\/wp\/v2\/pages"}],"about":[{"href":"https:\/\/yucca-palm.com\/en\/wp-json\/wp\/v2\/types\/page"}],"author":[{"embeddable":true,"href":"https:\/\/yucca-palm.com\/en\/wp-json\/wp\/v2\/users\/3"}],"replies":[{"embeddable":true,"href":"https:\/\/yucca-palm.com\/en\/wp-json\/wp\/v2\/comments?post=750"}],"version-history":[{"count":16,"href":"https:\/\/yucca-palm.com\/en\/wp-json\/wp\/v2\/pages\/750\/revisions"}],"predecessor-version":[{"id":1101,"href":"https:\/\/yucca-palm.com\/en\/wp-json\/wp\/v2\/pages\/750\/revisions\/1101"}],"up":[{"embeddable":true,"href":"https:\/\/yucca-palm.com\/en\/wp-json\/wp\/v2\/pages\/14"}],"wp:attachment":[{"href":"https:\/\/yucca-palm.com\/en\/wp-json\/wp\/v2\/media?parent=750"}],"curies":[{"name":"wp","href":"https:\/\/api.w.org\/{rel}","templated":true}]}}