{"id":1036,"date":"2024-11-18T14:54:52","date_gmt":"2024-11-18T13:54:52","guid":{"rendered":"https:\/\/yucca-palm.com\/politica-de-cookies-copy\/"},"modified":"2024-11-19T22:34:41","modified_gmt":"2024-11-19T21:34:41","slug":"politica-de-cookies","status":"publish","type":"page","link":"https:\/\/yucca-palm.com\/en\/cookie-policy\/","title":{"rendered":"Cookie policy"},"content":{"rendered":"<h1><strong>Cookies policy<\/strong><\/h1>\n<p><strong>INFORMATION ABOUT COOKIES<\/strong><\/p>\n<p>Cookies and other similar technologies such as local shared objects, flash cookies or pixels are tools used by web servers to store and retrieve information about their visitors and to provide a proper functioning of the site.<\/p>\n<p>The use of these devices allows the web server to remember some data concerning the user, such as their preferences for viewing the pages of that server, name and password, products they are most interested in, etc.<\/p>\n<p><strong>COOKIES AFFECTED BY THE REGULATION AND EXEMPTED COOKIES<\/strong><\/p>\n<p>In accordance with the \"Ley de Servicios de la Sociedad de la Informaci\u00f3n\" (LSSICE) established by Royal Decree 13\/2012, it is mandatory to obtain the express consent of the user of all websites that use dispensable cookies, before the user browses them.<\/p>\n<p>According to the EU directive, the cookies that require the user's informed consent are analytical cookies and advertising and affiliation cookies, with the exception of technical cookies and those necessary for the operation of the website or the provision of services expressly requested by the user.<\/p>\n<p>&nbsp;<\/p>\n<p><strong>TYPES OF COOKIES<\/strong><\/p>\n<p><strong>DEPENDING ON THE PURPOSE<\/strong><\/p>\n<ul>\n<li><strong>Technical and functional cookies<\/strong>cookies: are those that allow the user to browse through a website, platform or application and to use the different options or services that exist on it.<\/li>\n<li><strong>Analytical Cookies<\/strong>cookies: are those that allow the party responsible for them to monitor and analyse the behaviour of the users of the websites to which they are linked. The information collected through this type of cookies is used to measure the activity of the websites, application or platform and for the elaboration of browsing profiles of the users of these sites, applications and platforms, in order to introduce improvements based on the analysis of the usage data of the users of the service.<\/li>\n<li><strong>Advertising Cookies<\/strong>These are those that allow the management, in the most efficient way possible, of the advertising spaces that, where appropriate, the publisher has included on a website, application or platform from which it provides the requested service based on criteria such as the edited content or the frequency at which the advertisements are displayed.<\/li>\n<li><strong>Behavioural advertising cookies<\/strong>collect information on the user's preferences and personal choices (retargeting) to enable the management, in the most effective way possible, of the advertising spaces that, where appropriate, the publisher has included on a website, application or platform from which it provides the requested service.<\/li>\n<\/ul>\n<p>&nbsp;<\/p>\n<p><strong>ACCORDING TO OWNERSHIP<\/strong><\/p>\n<ul>\n<li><strong>Own cookies<\/strong>are those that are sent to the user's terminal equipment from a computer or domain managed by the publisher itself and from which the service requested by the user is provided.<\/li>\n<li><strong>Third party cookies<\/strong>cookies: are those that are sent to the user's terminal equipment from a computer or domain that is not managed by the editor, but by another entity that processes the data obtained through the cookies.<\/li>\n<\/ul>\n<p><strong>ACCORDING TO THE SHELF LIFE<\/strong><\/p>\n<ul>\n<li><strong>Session cookies<\/strong>cookies: these are a type of cookie designed to collect and store data while the user accesses a web page.<\/li>\n<li><strong>Persistent cookies<\/strong>cookies: these are a type of cookie in which the data remains stored in the terminal and can be accessed and processed for a period defined by the party responsible for the cookie, which can range from a few minutes to several years.<\/li>\n<\/ul>\n<p><strong>PROCESSING OF PERSONAL DATA<\/strong><\/p>\n<p><strong>AGRICOLA MAURO SL <\/strong>is the\u00a0<strong>data controller<\/strong>\u00a0of the Data Subject's personal data and informs him\/her that this data will be processed in accordance with the provisions of Regulation (EU) 2016\/679 of 27 April 2016 (GDPR), and therefore the following processing information is provided to him\/her:<\/p>\n<p><strong>Purposes of treatment<\/strong>as specified in the section on cookies used on this website.<\/p>\n<p><strong>Legitimation of the processing<\/strong>by consent of the data subject (art. 6.1 a) GDPR).<\/p>\n<p><strong>Data retention criteria<\/strong>as specified in the section on cookies used on the website.<\/p>\n<p><strong>Communication of data<\/strong>No data will be communicated to third parties, except in the case of cookies owned by third parties or by legal obligation.<\/p>\n<p><strong>Rights of the Stakeholder<\/strong>:<\/p>\n<p>- Right to withdraw consent at any time.<\/p>\n<p>- The right of access, rectification, portability and deletion of your data and the right to limit or oppose its processing.<\/p>\n<p>- The right to lodge a complaint with the supervisory authority (www.aepd.es) if you consider that the processing does not comply with the regulations in force.<\/p>\n<p><strong>Contact details for exercising your rights<\/strong>:<\/p>\n<ul>\n<li><strong>AGRICOLA MAURO SL <\/strong>Registered office: Calle ALFEREZ DIAZ SANCHIS N\u00ba 85 ATICO F 03339 ALICANTE, or at the address yuccapalm7@gmail.com<\/li>\n<\/ul>\n<p><strong>MAIN COOKIES USED ON THIS WEBSITE<\/strong><\/p>\n<p>Learn more about disabling Google Analytics cookies:<\/p>\n<p><a href=\"https:\/\/policies.google.com\/privacy?hl=es\" target=\"_blank\" rel=\"noopener\">Google Privacy Policy<\/a><\/p>\n<p><a href=\"https:\/\/support.google.com\/analytics\/answer\/181881?hl=es\" target=\"_blank\" rel=\"noopener\">Google Analytics opt-out<\/a><\/p>\n<p>&nbsp;<\/p>\n<table width=\"100%\">\n<tbody>\n<tr>\n<td colspan=\"2\" width=\"100%\"><strong>HOW TO DELETE COOKIES FROM THE MOST COMMON BROWSERS<\/strong><\/td>\n<\/tr>\n<tr>\n<td width=\"31%\"><strong>Chrome<\/strong><\/td>\n<td width=\"68%\"><a href=\"http:\/\/support.google.com\/chrome\/answer\/95647?hl=es\" target=\"_blank\" rel=\"noopener\">http:\/\/support.google.com\/chrome\/answer\/95647?hl=es<\/a><\/td>\n<\/tr>\n<tr>\n<td width=\"31%\"><strong>Internet Explorer. Version 11<\/strong><\/td>\n<td width=\"68%\"><a href=\"https:\/\/support.microsoft.com\/es-es\/help\/278835\/how-to-delete-cookie-files-in-internet-explorer\" target=\"_blank\" rel=\"noopener\">https:\/\/support.microsoft.com\/es-es\/help\/278835\/how-to-delete-cookie-files-in-internet-explorer<\/a><\/td>\n<\/tr>\n<tr>\n<td width=\"31%\"><strong>Firefox. Version 65.0.1<\/strong><\/td>\n<td width=\"68%\"><a href=\"https:\/\/www.mozilla.org\/es-ES\/privacy\/websites\/#cookies\" target=\"_blank\" rel=\"noopener\">https:\/\/www.mozilla.org\/es-ES\/privacy\/websites\/#cookies<\/a><\/td>\n<\/tr>\n<tr>\n<td width=\"31%\"><strong>Safari Version 5.1<\/strong><\/td>\n<td width=\"68%\"><a href=\"https:\/\/support.apple.com\/es-es\/guide\/safari\/sfri11471\/mac\" target=\"_blank\" rel=\"noopener\">https:\/\/support.apple.com\/es-es\/guide\/safari\/sfri11471\/mac<\/a><\/td>\n<\/tr>\n<tr>\n<td width=\"31%\"><strong>Opera<\/strong><\/td>\n<td width=\"68%\"><a href=\"https:\/\/help.opera.com\/en\/latest\/security-and-privacy\/#clearBrowsingData\" target=\"_blank\" rel=\"noopener\">https:\/\/help.opera.com\/en\/latest\/security-and-privacy\/#clearBrowsingData<\/a><\/td>\n<\/tr>\n<\/tbody>\n<\/table>\n<p><strong>\u00a0<\/strong><\/p>\n<p><strong>CHANGES IN POLICY AND INFORMATION<\/strong><\/p>\n<p>We may change this Cookie Policy at any time and will indicate the date on which it was last updated. If there have been significant changes, we will highlight those changes and try to alert you directly where possible.<\/p>\n<p>If you would like to learn more about the use of data collected from third party cookies, you can identify which cookies are placed through your browser's privacy settings or site information (see your browser's help section) and then visit the relevant third party site to locate their privacy policy. For questions about how we use cookies on our sites, please contact us via email below:<\/p>\n<p>Yuccapalm7@gmail.com<\/p>\n<p>&nbsp;<\/p>\n<p><strong>Date updated:<\/strong>\u00a0November 2024<\/p>\n<p>&nbsp;<\/p>","protected":false},"excerpt":{"rendered":"<p>Pol\u00edtica de cookies INFORMACI\u00d3N SOBRE COOKIES Las cookies y otras tecnolog\u00edas similares tales como local shared objects, flash cookies o p\u00edxeles, son herramientas empleadas por los servidores Web para almacenar y recuperar informaci\u00f3n acerca de sus visitantes, as\u00ed como para ofrecer un correcto funcionamiento del sitio. Mediante el uso de estos dispositivos se permite al [&hellip;]<\/p>\n","protected":false},"author":4,"featured_media":0,"parent":0,"menu_order":0,"comment_status":"closed","ping_status":"closed","template":"","meta":{"footnotes":""},"class_list":["post-1036","page","type-page","status-publish","hentry"],"_links":{"self":[{"href":"https:\/\/yucca-palm.com\/en\/wp-json\/wp\/v2\/pages\/1036","targetHints":{"allow":["GET"]}}],"collection":[{"href":"https:\/\/yucca-palm.com\/en\/wp-json\/wp\/v2\/pages"}],"about":[{"href":"https:\/\/yucca-palm.com\/en\/wp-json\/wp\/v2\/types\/page"}],"author":[{"embeddable":true,"href":"https:\/\/yucca-palm.com\/en\/wp-json\/wp\/v2\/users\/4"}],"replies":[{"embeddable":true,"href":"https:\/\/yucca-palm.com\/en\/wp-json\/wp\/v2\/comments?post=1036"}],"version-history":[{"count":4,"href":"https:\/\/yucca-palm.com\/en\/wp-json\/wp\/v2\/pages\/1036\/revisions"}],"predecessor-version":[{"id":1050,"href":"https:\/\/yucca-palm.com\/en\/wp-json\/wp\/v2\/pages\/1036\/revisions\/1050"}],"wp:attachment":[{"href":"https:\/\/yucca-palm.com\/en\/wp-json\/wp\/v2\/media?parent=1036"}],"curies":[{"name":"wp","href":"https:\/\/api.w.org\/{rel}","templated":true}]}}